{"id":1305,"date":"2026-04-17T11:08:43","date_gmt":"2026-04-17T11:08:43","guid":{"rendered":"https:\/\/shopmypham.azdigi.shop\/?page_id=1305"},"modified":"2026-04-19T09:12:45","modified_gmt":"2026-04-19T09:12:45","slug":"gioi-thieu","status":"publish","type":"page","link":"https:\/\/shopmypham.azdigi.shop\/index.php\/gioi-thieu\/","title":{"rendered":"Gi\u1edbi thi\u1ec7u"},"content":{"rendered":"\n<p><\/p>\n\n\n\n<div class=\"row\"  id=\"row-1765227132\">\n\n\n\t<div id=\"col-26499038\" class=\"col medium-6 small-12 large-6\"  >\n\t\t\t\t<div class=\"col-inner\"  >\n\t\t\t\n\t\t\t\n\n\t<div id=\"text-3282467498\" class=\"text\">\n\t\t\n\n<h3>KIE BEAUTY \u2013 H\u00c0NH TR\u00ccNH T\u00d4N VINH V\u1eba \u0110\u1eb8P T\u1ef0 NHI\u00caN HI\u1ec6N \u0110\u1ea0I<\/h3>\n<p>Trong th\u1ebf gi\u1edbi l\u00e0m \u0111\u1eb9p kh\u00f4ng ng\u1eebng \u0111\u1ed5i m\u1edbi, Kie Beauty ch\u1ecdn cho m\u00ecnh m\u1ed9t h\u01b0\u1edbng \u0111i ri\u00eang: N\u01a1i v\u1ebb \u0111\u1eb9p kh\u00f4ng \u0111\u1ebfn t\u1eeb s\u1ef1 c\u1ea7u k\u1ef3, m\u00e0 \u0111\u01b0\u1ee3c nu\u00f4i d\u01b0\u1ee1ng t\u1eeb s\u1ef1 tinh gi\u1ea3n, tinh t\u1ebf v\u00e0 th\u1ea5u hi\u1ec3u l\u00e0n da. M\u1ed7i s\u1ea3n ph\u1ea9m kh\u00f4ng ch\u1ec9 l\u00e0 m\u1ef9 ph\u1ea9m, m\u00e0 l\u00e0 m\u1ed9t \u201cnghi th\u1ee9c y\u00eau b\u1ea3n th\u00e2n\u201d c\u1ee7a ng\u01b0\u1eddi ph\u1ee5 n\u1eef hi\u1ec7n \u0111\u1ea1i.<\/p>\n<h3 data-section-id=\"15zgj1w\" data-start=\"355\" data-end=\"404\"><span role=\"text\">\ud83e\ude9eTri\u1ebft l\u00fd l\u00e0m \u0111\u1eb9p: T\u1ed1i gi\u1ea3n nh\u01b0ng hi\u1ec7u qu\u1ea3<\/span><\/h3>\n<p data-start=\"406\" data-end=\"575\">T\u1ea1i Kie Beauty, ch\u00fang t\u00f4i theo \u0111u\u1ed5i tri\u1ebft l\u00fd <strong data-start=\"451\" data-end=\"472\">\u201cLess but Better\u201d<\/strong> \u2013 \u00edt nh\u01b0ng ch\u1ea5t l\u01b0\u1ee3ng v\u00e0 ph\u00f9 h\u1ee3p. Ch\u00fang t\u00f4i kh\u00f4ng ch\u1ea1y theo nh\u1eefng xu h\u01b0\u1edbng ng\u1eafn h\u1ea1n, m\u00e0 t\u1eadp trung v\u00e0o:<\/p>\n<p data-start=\"577\" data-end=\"715\"><strong data-start=\"577\" data-end=\"607\">S\u1ef1 tinh gi\u1ea3n (Simplicity):<\/strong><br data-start=\"607\" data-end=\"610\" \/>C\u00f4ng th\u1ee9c t\u1ed1i \u01b0u, lo\u1ea1i b\u1ecf nh\u1eefng th\u00e0nh ph\u1ea7n kh\u00f4ng c\u1ea7n thi\u1ebft, h\u01b0\u1edbng \u0111\u1ebfn s\u1ef1 an to\u00e0n v\u00e0 l\u00e0nh t\u00ednh cho l\u00e0n da.<\/p>\n<p data-start=\"717\" data-end=\"913\">\u00a0<\/p>\n\t\t\n<style>\n#text-3282467498 {\n  color: rgb(0,0,0);\n}\n#text-3282467498 > * {\n  color: rgb(0,0,0);\n}\n<\/style>\n\t<\/div>\n\t\n\n\t\t<\/div>\n\t\t\t\t\t<\/div>\n\n\t\n\n\t<div id=\"col-997702274\" class=\"col medium-6 small-12 large-6\"  >\n\t\t\t\t<div class=\"col-inner\"  >\n\t\t\t\n\t\t\t\n\n\t<div class=\"img has-hover x md-x lg-x y md-y lg-y\" id=\"image_2002871948\">\n\t\t<a class=\"\" href=\"https:\/\/shopmypham.azdigi.shop\/index.php\/product\/son-bong-pha-le-3ce-cang-bong\/\"  >\t\t\t\t<div data-animate=\"fadeInUp\">\t\t<div class=\"img-inner image-zoom image-zoom dark\" >\n\t\t\t<img loading=\"lazy\" decoding=\"async\" width=\"1020\" height=\"872\" src=\"https:\/\/shopmypham.azdigi.shop\/wp-content\/uploads\/2026\/04\/chup-anh-my-pham-1024x875.jpg\" class=\"attachment-large size-large\" alt=\"\" srcset=\"https:\/\/shopmypham.azdigi.shop\/wp-content\/uploads\/2026\/04\/chup-anh-my-pham-1024x875.jpg 1024w, https:\/\/shopmypham.azdigi.shop\/wp-content\/uploads\/2026\/04\/chup-anh-my-pham-300x256.jpg 300w, https:\/\/shopmypham.azdigi.shop\/wp-content\/uploads\/2026\/04\/chup-anh-my-pham-768x656.jpg 768w, https:\/\/shopmypham.azdigi.shop\/wp-content\/uploads\/2026\/04\/chup-anh-my-pham-1536x1312.jpg 1536w, https:\/\/shopmypham.azdigi.shop\/wp-content\/uploads\/2026\/04\/chup-anh-my-pham-600x513.jpg 600w, https:\/\/shopmypham.azdigi.shop\/wp-content\/uploads\/2026\/04\/chup-anh-my-pham.jpg 1920w\" sizes=\"auto, (max-width: 1020px) 100vw, 1020px\" \/>\t\t\t\t\t\t\n\t\t\t\t\t<\/div>\n\t\t<\/div>\t\t\t\t<\/a>\t\t\n<style>\n#image_2002871948 {\n  width: 100%;\n}\n<\/style>\n\t<\/div>\n\t\n\n\n\t\t<\/div>\n\t\t\t\t\t<\/div>\n\n\t\n\n<\/div>\n<div class=\"row\"  id=\"row-749072909\">\n\n\n\t<div id=\"col-1749661915\" class=\"col medium-6 small-12 large-6\"  >\n\t\t\t\t<div class=\"col-inner\"  >\n\t\t\t\n\t\t\t\n\n\t<div class=\"img has-hover x md-x lg-x y md-y lg-y\" id=\"image_1750822849\">\n\t\t<a class=\"\" href=\"https:\/\/shopmypham.azdigi.shop\/index.php\/product\/tinh-chat-xit-duong-cocoon-hau-giang\/\"  >\t\t\t\t<div data-animate=\"fadeInUp\">\t\t<div class=\"img-inner image-zoom image-zoom dark\" >\n\t\t\t<img loading=\"lazy\" decoding=\"async\" width=\"800\" height=\"1000\" src=\"https:\/\/shopmypham.azdigi.shop\/wp-content\/uploads\/2026\/04\/1_952ba6a023c14cd7bdf6cb7cc6f27c94.jpg\" class=\"attachment-large size-large\" alt=\"\" srcset=\"https:\/\/shopmypham.azdigi.shop\/wp-content\/uploads\/2026\/04\/1_952ba6a023c14cd7bdf6cb7cc6f27c94.jpg 800w, https:\/\/shopmypham.azdigi.shop\/wp-content\/uploads\/2026\/04\/1_952ba6a023c14cd7bdf6cb7cc6f27c94-240x300.jpg 240w, https:\/\/shopmypham.azdigi.shop\/wp-content\/uploads\/2026\/04\/1_952ba6a023c14cd7bdf6cb7cc6f27c94-768x960.jpg 768w, https:\/\/shopmypham.azdigi.shop\/wp-content\/uploads\/2026\/04\/1_952ba6a023c14cd7bdf6cb7cc6f27c94-600x750.jpg 600w\" sizes=\"auto, (max-width: 800px) 100vw, 800px\" \/>\t\t\t\t\t\t\n\t\t\t\t\t<\/div>\n\t\t<\/div>\t\t\t\t<\/a>\t\t\n<style>\n#image_1750822849 {\n  width: 100%;\n}\n<\/style>\n\t<\/div>\n\t\n\n\n\t\t<\/div>\n\t\t\t\t\t<\/div>\n\n\t\n\n\t<div id=\"col-1867654709\" class=\"col medium-6 small-12 large-6\"  >\n\t\t\t\t<div class=\"col-inner\"  >\n\t\t\t\n\t\t\t\n\n\t<div id=\"text-1929625725\" class=\"text\">\n\t\t\n\n<h3 data-section-id=\"1alwg2v\" data-start=\"1069\" data-end=\"1121\"><span role=\"text\">\ud83d\udc96C\u00e2u chuy\u1ec7n v\u1ec1 v\u1ebb \u0111\u1eb9p \u201ct\u1ecfa s\u00e1ng t\u1eeb b\u00ean trong\u201d<\/span><\/h3>\n<p data-start=\"1123\" data-end=\"1247\">Kie Beauty tin r\u1eb1ng, v\u1ebb \u0111\u1eb9p th\u1ef1c s\u1ef1 kh\u00f4ng n\u1eb1m \u1edf l\u1edbp trang \u0111i\u1ec3m d\u00e0y, m\u00e0 \u0111\u1ebfn t\u1eeb l\u00e0n da kh\u1ecfe m\u1ea1nh v\u00e0 s\u1ef1 t\u1ef1 tin c\u1ee7a ch\u00ednh b\u1ea1n.<\/p>\n<p data-start=\"1249\" data-end=\"1497\">Ng\u01b0\u1eddi ph\u1ee5 n\u1eef hi\u1ec7n \u0111\u1ea1i kh\u00f4ng ch\u1ec9 c\u1ea7n \u0111\u1eb9p, m\u00e0 c\u00f2n c\u1ea7n <strong data-start=\"1301\" data-end=\"1332\">hi\u1ec3u v\u00e0 y\u00eau l\u00e0n da c\u1ee7a m\u00ecnh<\/strong>. D\u00f9 b\u1ea1n l\u00e0 c\u00f4 n\u00e0ng b\u1eadn r\u1ed9n n\u01a1i c\u00f4ng s\u1edf, m\u1ed9t ng\u01b0\u1eddi y\u00eau th\u00edch ch\u0103m s\u00f3c b\u1ea3n th\u00e2n, hay \u0111\u01a1n gi\u1ea3n l\u00e0 \u0111ang t\u00ecm l\u1ea1i s\u1ef1 c\u00e2n b\u1eb1ng \u2013 Kie Beauty lu\u00f4n \u1edf \u0111\u00e2y, \u0111\u1ed3ng h\u00e0nh c\u00f9ng b\u1ea1n.<\/p>\n<p data-start=\"1499\" data-end=\"1654\">Ch\u00fang t\u00f4i mong mu\u1ed1n m\u1ed7i kh\u00e1ch h\u00e0ng \u0111\u1ec1u c\u00f3 th\u1ec3 <strong data-start=\"1545\" data-end=\"1573\">t\u1ecfa s\u00e1ng theo c\u00e1ch ri\u00eang<\/strong>, gi\u1ed1ng nh\u01b0 l\u00e0n da \u0111\u01b0\u1ee3c nu\u00f4i d\u01b0\u1ee1ng \u0111\u00fang c\u00e1ch \u2013 r\u1ea1ng r\u1ee1, t\u1ef1 nhi\u00ean v\u00e0 \u0111\u1ea7y s\u1ee9c s\u1ed1ng.<\/p>\n<h3 data-section-id=\"1puma6k\" data-start=\"1661\" data-end=\"1687\"><span role=\"text\">\ud83c\udf1fT\u1ea7m nh\u00ecn &amp; S\u1ee9 m\u1ec7nh<\/span><\/h3>\n<p data-section-id=\"1puma6k\" data-start=\"1661\" data-end=\"1687\"><strong>S\u1ee9 m\u1ec7nh:<\/strong><\/p>\n<p data-start=\"1689\" data-end=\"1847\">Kie Beauty kh\u00f4ng ch\u1ec9 cung c\u1ea5p m\u1ef9 ph\u1ea9m, ch\u00fang t\u00f4i mang \u0111\u1ebfn s\u1ef1 t\u1ef1 tin. M\u1ed7i s\u1ea3n ph\u1ea9m l\u00e0 m\u1ed9t l\u1eddi nh\u1eafn: \u201cB\u1ea1n x\u1ee9ng \u0111\u00e1ng \u0111\u01b0\u1ee3c ch\u0103m s\u00f3c v\u00e0 y\u00eau th\u01b0\u01a1ng.\u201d<\/p>\n<p data-start=\"1849\" data-end=\"2013\"><strong>T\u1ea7m nh\u00ecn:<\/strong><br data-start=\"1862\" data-end=\"1865\" \/>Tr\u1edf th\u00e0nh th\u01b0\u01a1ng hi\u1ec7u m\u1ef9 ph\u1ea9m \u0111\u01b0\u1ee3c tin d\u00f9ng b\u1edfi gi\u1edbi tr\u1ebb v\u00e0 ph\u1ee5 n\u1eef hi\u1ec7n \u0111\u1ea1i, k\u1ebft h\u1ee3p gi\u1eefa xu h\u01b0\u1edbng l\u00e0m \u0111\u1eb9p to\u00e0n c\u1ea7u v\u00e0 s\u1ef1 ph\u00f9 h\u1ee3p v\u1edbi l\u00e0n da \u00c1 \u0110\u00f4ng.<\/p>\n\t\t\n<style>\n#text-1929625725 {\n  color: rgb(0,0,0);\n}\n#text-1929625725 > * {\n  color: rgb(0,0,0);\n}\n<\/style>\n\t<\/div>\n\t\n\n\t\t<\/div>\n\t\t\t\t\t<\/div>\n\n\t\n\n<\/div>\n<div class=\"row\"  id=\"row-854228921\">\n\n\n\t<div id=\"col-1377284990\" class=\"col medium-6 small-12 large-6\"  >\n\t\t\t\t<div class=\"col-inner\"  >\n\t\t\t\n\t\t\t\n\n\t<div id=\"text-935988168\" class=\"text\">\n\t\t\n\n<h3 data-section-id=\"1b6clzb\" data-start=\"2020\" data-end=\"2062\"><span role=\"text\">\ud83d\udc8eCh\u1ea5t l\u01b0\u1ee3ng \u2013 Cam k\u1ebft t\u1eeb s\u1ef1 t\u1eadn t\u00e2m<\/span><\/h3>\n<p data-start=\"2064\" data-end=\"2191\">Ch\u00fang t\u00f4i hi\u1ec3u r\u1eb1ng, l\u00e0n da l\u00e0 \u201ct\u1ea5m g\u01b0\u01a1ng\u201d ph\u1ea3n chi\u1ebfu s\u1ee9c kh\u1ecfe v\u00e0 c\u1ea3m x\u00fac. V\u00ec v\u1eady, Kie Beauty lu\u00f4n \u0111\u1eb7t ch\u1ea5t l\u01b0\u1ee3ng l\u00ean h\u00e0ng \u0111\u1ea7u:<\/p>\n<ul data-start=\"2193\" data-end=\"2480\">\n<li data-section-id=\"usbk6c\" data-start=\"2193\" data-end=\"2295\"><strong data-start=\"2195\" data-end=\"2219\">Th\u00e0nh ph\u1ea7n ch\u1ecdn l\u1ecdc:<\/strong> \u01afu ti\u00ean chi\u1ebft xu\u1ea5t thi\u00ean nhi\u00ean, ho\u1ea1t ch\u1ea5t an to\u00e0n v\u00e0 \u0111\u00e3 \u0111\u01b0\u1ee3c ki\u1ec3m nghi\u1ec7m.<\/li>\n<li data-section-id=\"17lnwl4\" data-start=\"2380\" data-end=\"2480\"><strong data-start=\"2382\" data-end=\"2418\">Quy tr\u00ecnh ki\u1ec3m \u0111\u1ecbnh nghi\u00eam ng\u1eb7t:<\/strong> \u0110\u1ea3m b\u1ea3o m\u1ed7i s\u1ea3n ph\u1ea9m \u0111\u1ebfn tay b\u1ea1n \u0111\u1ec1u \u0111\u1ea1t ti\u00eau chu\u1ea9n cao nh\u1ea5t.<\/li>\n<\/ul>\n<h3><span style=\"color: #282828;\">K\u1ebft n\u1ed1i c\u00f9ng Kie Beauty <\/span><\/h3>\n<p><span style=\"color: #282828;\">N\u1eb1m ngay tr\u00ean con \u0111\u01b0\u1eddng Nguy\u1ec5n V\u0103n Dung nh\u1ed9n nh\u1ecbp, Kie Beauty lu\u00f4n r\u1ed9ng m\u1edf ch\u00e0o \u0111\u00f3n nh\u1eefng c\u00f4 g\u00e1i gh\u00e9 th\u0103m \u0111\u1ec3 tr\u1ea3i nghi\u1ec7m v\u00e0 s\u1ebb chia ni\u1ec1m y\u00eau th\u00edch l\u00e0m \u0111\u1eb9p.\u00a0 <\/span><\/p>\n<p><strong><span style=\"color: #282828;\">Th\u00f4ng tin li\u00ean h\u1ec7 ch\u00ednh th\u1ee9c: <\/span><\/strong><\/p>\n<ul>\n<li><span style=\"color: #282828;\"><strong>Showroom:<\/strong> <a href=\"https:\/\/maps.app.goo.gl\/t5EetKDYJG3HXdXy6\">10 \u0110\u01b0\u1eddng Nguy\u1ec5n V\u0103n Dung, Ph\u01b0\u1eddng 6, An Nh\u01a1n, H\u1ed3 Ch\u00ed Minh, Vi\u1ec7t Nam <\/a><\/span><\/li>\n<li><span style=\"color: #282828;\"><strong>Hotline h\u1ed7 tr\u1ee3:<\/strong>\u00a0<a href=\"http:\/\/0917887476\" data-wplink-url-error=\"true\">0917887476 <\/a><\/span><\/li>\n<li><span style=\"color: #282828;\"><strong>Email:<\/strong> <a href=\"ngocthao7472@gmail.com\">ngocthao7472@gmail.com <\/a><\/span><\/li>\n<li><span style=\"color: #282828;\"><strong>Website:<\/strong> <a href=\"http:\/\/shopmypham.azdigi.com\">shopmypham.azdigi.com<\/a><\/span><\/li>\n<\/ul>\n\t\t\n<style>\n#text-935988168 {\n  color: rgb(0,0,0);\n}\n#text-935988168 > * {\n  color: rgb(0,0,0);\n}\n<\/style>\n\t<\/div>\n\t\n\n\t\t<\/div>\n\t\t\t\t\t<\/div>\n\n\t\n\n\t<div id=\"col-2121059421\" class=\"col medium-6 small-12 large-6\"  >\n\t\t\t\t<div class=\"col-inner\"  >\n\t\t\t\n\t\t\t\n\n\t<div class=\"img has-hover x md-x lg-x y md-y lg-y\" id=\"image_86826231\">\n\t\t<a class=\"\" href=\"https:\/\/shopmypham.azdigi.shop\/index.php\/product\/tinh-chat-xit-duong-cocoon-hau-giang\/\"  >\t\t\t\t<div data-animate=\"fadeInUp\">\t\t<div class=\"img-inner image-zoom image-zoom dark\" >\n\t\t\t<img loading=\"lazy\" decoding=\"async\" width=\"800\" height=\"784\" src=\"https:\/\/shopmypham.azdigi.shop\/wp-content\/uploads\/2026\/04\/nuoc-tay-trang-sen-hau-giang-cocoon.5.jpeg\" class=\"attachment-large size-large\" alt=\"\" srcset=\"https:\/\/shopmypham.azdigi.shop\/wp-content\/uploads\/2026\/04\/nuoc-tay-trang-sen-hau-giang-cocoon.5.jpeg 800w, https:\/\/shopmypham.azdigi.shop\/wp-content\/uploads\/2026\/04\/nuoc-tay-trang-sen-hau-giang-cocoon.5-300x294.jpeg 300w, https:\/\/shopmypham.azdigi.shop\/wp-content\/uploads\/2026\/04\/nuoc-tay-trang-sen-hau-giang-cocoon.5-768x753.jpeg 768w, https:\/\/shopmypham.azdigi.shop\/wp-content\/uploads\/2026\/04\/nuoc-tay-trang-sen-hau-giang-cocoon.5-600x588.jpeg 600w\" sizes=\"auto, (max-width: 800px) 100vw, 800px\" \/>\t\t\t\t\t\t\n\t\t\t\t\t<\/div>\n\t\t<\/div>\t\t\t\t<\/a>\t\t\n<style>\n#image_86826231 {\n  width: 100%;\n}\n<\/style>\n\t<\/div>\n\t\n\n\n\t\t<\/div>\n\t\t\t\t\t<\/div>\n\n\t\n\n<\/div>\n\t<div id=\"text-4067880393\" class=\"text\">\n\t\t\n\n<iframe src=\"https:\/\/www.google.com\/maps\/embed?pb=!1m18!1m12!1m3!1d3918.5208086667963!2d106.67697107536036!3d10.847936089305275!2m3!1f0!2f0!3f0!3m2!1i1024!2i768!4f13.1!3m3!1m2!1s0x31752952050e0161%3A0x34bb62d5ee89d926!2zVMOyYSBuaMOgIFR14buVaSBUcuG6uyBUb3dlciAtIE9mZmljZSBTYWlnb24!5e0!3m2!1svi!2s!4v1776571451994!5m2!1svi!2s\" width=\"600\" height=\"450\" style=\"border:0;\" allowfullscreen=\"\" loading=\"lazy\" referrerpolicy=\"no-referrer-when-downgrade\"><\/iframe>\n\t\t\n<style>\n#text-4067880393 {\n  font-size: 1.7rem;\n  line-height: 1.75;\n}\n<\/style>\n\t<\/div>\n\t\n\n","protected":false},"excerpt":{"rendered":"","protected":false},"author":1,"featured_media":0,"parent":0,"menu_order":0,"comment_status":"closed","ping_status":"closed","template":"","meta":{"footnotes":""},"class_list":["post-1305","page","type-page","status-publish","hentry"],"yoast_head":"<!-- This site is optimized with the Yoast SEO plugin v27.3 - https:\/\/yoast.com\/product\/yoast-seo-wordpress\/ -->\n<title>Gi\u1edbi thi\u1ec7u - Shop m\u1ef9 ph\u1ea9m<\/title>\n<meta name=\"robots\" content=\"index, follow, max-snippet:-1, max-image-preview:large, max-video-preview:-1\" \/>\n<link rel=\"canonical\" href=\"https:\/\/shopmypham.azdigi.shop\/index.php\/gioi-thieu\/\" \/>\n<meta property=\"og:locale\" content=\"vi_VN\" \/>\n<meta property=\"og:type\" content=\"article\" \/>\n<meta property=\"og:title\" content=\"Gi\u1edbi thi\u1ec7u - Shop m\u1ef9 ph\u1ea9m\" \/>\n<meta property=\"og:url\" content=\"https:\/\/shopmypham.azdigi.shop\/index.php\/gioi-thieu\/\" \/>\n<meta property=\"og:site_name\" content=\"Shop m\u1ef9 ph\u1ea9m\" \/>\n<meta property=\"article:publisher\" content=\"https:\/\/www.facebook.com\/share\/17jR5FUwkN\/\" \/>\n<meta property=\"article:modified_time\" content=\"2026-04-19T09:12:45+00:00\" \/>\n<meta name=\"twitter:card\" content=\"summary_large_image\" \/>\n<meta name=\"twitter:label1\" content=\"\u01af\u1edbc t\u00ednh th\u1eddi gian \u0111\u1ecdc\" \/>\n\t<meta name=\"twitter:data1\" content=\"1 ph\u00fat\" \/>\n<script type=\"application\/ld+json\" class=\"yoast-schema-graph\">{\"@context\":\"https:\\\/\\\/schema.org\",\"@graph\":[{\"@type\":\"WebPage\",\"@id\":\"https:\\\/\\\/shopmypham.azdigi.shop\\\/index.php\\\/gioi-thieu\\\/\",\"url\":\"https:\\\/\\\/shopmypham.azdigi.shop\\\/index.php\\\/gioi-thieu\\\/\",\"name\":\"Gi\u1edbi thi\u1ec7u - Shop m\u1ef9 ph\u1ea9m\",\"isPartOf\":{\"@id\":\"https:\\\/\\\/shopmypham.azdigi.shop\\\/#website\"},\"datePublished\":\"2026-04-17T11:08:43+00:00\",\"dateModified\":\"2026-04-19T09:12:45+00:00\",\"breadcrumb\":{\"@id\":\"https:\\\/\\\/shopmypham.azdigi.shop\\\/index.php\\\/gioi-thieu\\\/#breadcrumb\"},\"inLanguage\":\"vi\",\"potentialAction\":[{\"@type\":\"ReadAction\",\"target\":[\"https:\\\/\\\/shopmypham.azdigi.shop\\\/index.php\\\/gioi-thieu\\\/\"]}]},{\"@type\":\"BreadcrumbList\",\"@id\":\"https:\\\/\\\/shopmypham.azdigi.shop\\\/index.php\\\/gioi-thieu\\\/#breadcrumb\",\"itemListElement\":[{\"@type\":\"ListItem\",\"position\":1,\"name\":\"Home\",\"item\":\"https:\\\/\\\/shopmypham.azdigi.shop\\\/\"},{\"@type\":\"ListItem\",\"position\":2,\"name\":\"Gi\u1edbi thi\u1ec7u\"}]},{\"@type\":\"WebSite\",\"@id\":\"https:\\\/\\\/shopmypham.azdigi.shop\\\/#website\",\"url\":\"https:\\\/\\\/shopmypham.azdigi.shop\\\/\",\"name\":\"Shop m\u1ef9 ph\u1ea9m\",\"description\":\"\",\"publisher\":{\"@id\":\"https:\\\/\\\/shopmypham.azdigi.shop\\\/#organization\"},\"potentialAction\":[{\"@type\":\"SearchAction\",\"target\":{\"@type\":\"EntryPoint\",\"urlTemplate\":\"https:\\\/\\\/shopmypham.azdigi.shop\\\/?s={search_term_string}\"},\"query-input\":{\"@type\":\"PropertyValueSpecification\",\"valueRequired\":true,\"valueName\":\"search_term_string\"}}],\"inLanguage\":\"vi\"},{\"@type\":\"Organization\",\"@id\":\"https:\\\/\\\/shopmypham.azdigi.shop\\\/#organization\",\"name\":\"Shop m\u1ef9 ph\u1ea9m\",\"url\":\"https:\\\/\\\/shopmypham.azdigi.shop\\\/\",\"logo\":{\"@type\":\"ImageObject\",\"inLanguage\":\"vi\",\"@id\":\"https:\\\/\\\/shopmypham.azdigi.shop\\\/#\\\/schema\\\/logo\\\/image\\\/\",\"url\":\"https:\\\/\\\/shopmypham.azdigi.shop\\\/wp-content\\\/uploads\\\/2026\\\/03\\\/Anh-chup-man-hinh-2026-01-31-214354.png\",\"contentUrl\":\"https:\\\/\\\/shopmypham.azdigi.shop\\\/wp-content\\\/uploads\\\/2026\\\/03\\\/Anh-chup-man-hinh-2026-01-31-214354.png\",\"width\":880,\"height\":565,\"caption\":\"Shop m\u1ef9 ph\u1ea9m\"},\"image\":{\"@id\":\"https:\\\/\\\/shopmypham.azdigi.shop\\\/#\\\/schema\\\/logo\\\/image\\\/\"},\"sameAs\":[\"https:\\\/\\\/www.facebook.com\\\/share\\\/17jR5FUwkN\\\/\"]}]}<\/script>\n<!-- \/ Yoast SEO plugin. -->","yoast_head_json":{"title":"Gi\u1edbi thi\u1ec7u - Shop m\u1ef9 ph\u1ea9m","robots":{"index":"index","follow":"follow","max-snippet":"max-snippet:-1","max-image-preview":"max-image-preview:large","max-video-preview":"max-video-preview:-1"},"canonical":"https:\/\/shopmypham.azdigi.shop\/index.php\/gioi-thieu\/","og_locale":"vi_VN","og_type":"article","og_title":"Gi\u1edbi thi\u1ec7u - Shop m\u1ef9 ph\u1ea9m","og_url":"https:\/\/shopmypham.azdigi.shop\/index.php\/gioi-thieu\/","og_site_name":"Shop m\u1ef9 ph\u1ea9m","article_publisher":"https:\/\/www.facebook.com\/share\/17jR5FUwkN\/","article_modified_time":"2026-04-19T09:12:45+00:00","twitter_card":"summary_large_image","twitter_misc":{"\u01af\u1edbc t\u00ednh th\u1eddi gian \u0111\u1ecdc":"1 ph\u00fat"},"schema":{"@context":"https:\/\/schema.org","@graph":[{"@type":"WebPage","@id":"https:\/\/shopmypham.azdigi.shop\/index.php\/gioi-thieu\/","url":"https:\/\/shopmypham.azdigi.shop\/index.php\/gioi-thieu\/","name":"Gi\u1edbi thi\u1ec7u - Shop m\u1ef9 ph\u1ea9m","isPartOf":{"@id":"https:\/\/shopmypham.azdigi.shop\/#website"},"datePublished":"2026-04-17T11:08:43+00:00","dateModified":"2026-04-19T09:12:45+00:00","breadcrumb":{"@id":"https:\/\/shopmypham.azdigi.shop\/index.php\/gioi-thieu\/#breadcrumb"},"inLanguage":"vi","potentialAction":[{"@type":"ReadAction","target":["https:\/\/shopmypham.azdigi.shop\/index.php\/gioi-thieu\/"]}]},{"@type":"BreadcrumbList","@id":"https:\/\/shopmypham.azdigi.shop\/index.php\/gioi-thieu\/#breadcrumb","itemListElement":[{"@type":"ListItem","position":1,"name":"Home","item":"https:\/\/shopmypham.azdigi.shop\/"},{"@type":"ListItem","position":2,"name":"Gi\u1edbi thi\u1ec7u"}]},{"@type":"WebSite","@id":"https:\/\/shopmypham.azdigi.shop\/#website","url":"https:\/\/shopmypham.azdigi.shop\/","name":"Shop m\u1ef9 ph\u1ea9m","description":"","publisher":{"@id":"https:\/\/shopmypham.azdigi.shop\/#organization"},"potentialAction":[{"@type":"SearchAction","target":{"@type":"EntryPoint","urlTemplate":"https:\/\/shopmypham.azdigi.shop\/?s={search_term_string}"},"query-input":{"@type":"PropertyValueSpecification","valueRequired":true,"valueName":"search_term_string"}}],"inLanguage":"vi"},{"@type":"Organization","@id":"https:\/\/shopmypham.azdigi.shop\/#organization","name":"Shop m\u1ef9 ph\u1ea9m","url":"https:\/\/shopmypham.azdigi.shop\/","logo":{"@type":"ImageObject","inLanguage":"vi","@id":"https:\/\/shopmypham.azdigi.shop\/#\/schema\/logo\/image\/","url":"https:\/\/shopmypham.azdigi.shop\/wp-content\/uploads\/2026\/03\/Anh-chup-man-hinh-2026-01-31-214354.png","contentUrl":"https:\/\/shopmypham.azdigi.shop\/wp-content\/uploads\/2026\/03\/Anh-chup-man-hinh-2026-01-31-214354.png","width":880,"height":565,"caption":"Shop m\u1ef9 ph\u1ea9m"},"image":{"@id":"https:\/\/shopmypham.azdigi.shop\/#\/schema\/logo\/image\/"},"sameAs":["https:\/\/www.facebook.com\/share\/17jR5FUwkN\/"]}]}},"_links":{"self":[{"href":"https:\/\/shopmypham.azdigi.shop\/index.php\/wp-json\/wp\/v2\/pages\/1305","targetHints":{"allow":["GET"]}}],"collection":[{"href":"https:\/\/shopmypham.azdigi.shop\/index.php\/wp-json\/wp\/v2\/pages"}],"about":[{"href":"https:\/\/shopmypham.azdigi.shop\/index.php\/wp-json\/wp\/v2\/types\/page"}],"author":[{"embeddable":true,"href":"https:\/\/shopmypham.azdigi.shop\/index.php\/wp-json\/wp\/v2\/users\/1"}],"replies":[{"embeddable":true,"href":"https:\/\/shopmypham.azdigi.shop\/index.php\/wp-json\/wp\/v2\/comments?post=1305"}],"version-history":[{"count":13,"href":"https:\/\/shopmypham.azdigi.shop\/index.php\/wp-json\/wp\/v2\/pages\/1305\/revisions"}],"predecessor-version":[{"id":1369,"href":"https:\/\/shopmypham.azdigi.shop\/index.php\/wp-json\/wp\/v2\/pages\/1305\/revisions\/1369"}],"wp:attachment":[{"href":"https:\/\/shopmypham.azdigi.shop\/index.php\/wp-json\/wp\/v2\/media?parent=1305"}],"curies":[{"name":"wp","href":"https:\/\/api.w.org\/{rel}","templated":true}]}}