{"id":379,"date":"2026-03-17T10:54:43","date_gmt":"2026-03-17T10:54:43","guid":{"rendered":"https:\/\/shopmypham.azdigi.shop\/?page_id=379"},"modified":"2026-04-19T06:58:16","modified_gmt":"2026-04-19T06:58:16","slug":"lien-he","status":"publish","type":"page","link":"https:\/\/shopmypham.azdigi.shop\/index.php\/lien-he\/","title":{"rendered":"Li\u00ean h\u1ec7"},"content":{"rendered":"\n\t<div id=\"gap-1031358475\" class=\"gap-element clearfix\" style=\"display:block; height:auto;\">\n\t\t\n<style>\n#gap-1031358475 {\n  padding-top: 30px;\n}\n<\/style>\n\t<\/div>\n\t\n\n<div class=\"container section-title-container\" ><h2 class=\"section-title section-title-center\"><b><\/b><span class=\"section-title-main\" style=\"color:rgb(255, 23, 165);\">Li\u00ean h\u1ec7 v\u1edbi KIE BEAUTY<\/span><b><\/b><\/h2><\/div>\n\n<div class=\"flex flex-col text-sm pb-25\">\n<section class=\"text-token-text-primary w-full focus:outline-none [--shadow-height:45px] has-data-writing-block:pointer-events-none has-data-writing-block:-mt-(--shadow-height) has-data-writing-block:pt-(--shadow-height) [&amp;:has([data-writing-block])&gt;*]:pointer-events-auto scroll-mt-[calc(var(--header-height)+min(200px,max(70px,20svh)))]\" dir=\"auto\" data-turn-id=\"request-WEB:5261a692-d773-471d-bab4-3384e8f8d53a-3\" data-testid=\"conversation-turn-8\" data-scroll-anchor=\"true\" data-turn=\"assistant\">\n<div class=\"text-base my-auto mx-auto pb-10 [--thread-content-margin:var(--thread-content-margin-xs,calc(var(--spacing)*4))] @w-sm\/main:[--thread-content-margin:var(--thread-content-margin-sm,calc(var(--spacing)*6))] @w-lg\/main:[--thread-content-margin:var(--thread-content-margin-lg,calc(var(--spacing)*16))] px-(--thread-content-margin)\">\n<div class=\"[--thread-content-max-width:40rem] @w-lg\/main:[--thread-content-max-width:48rem] mx-auto max-w-(--thread-content-max-width) flex-1 group\/turn-messages focus-visible:outline-hidden relative flex w-full min-w-0 flex-col agent-turn\">\n<div class=\"flex max-w-full flex-col gap-4 grow\">\n<div class=\"min-h-8 text-message relative flex w-full flex-col items-end gap-2 text-start break-words whitespace-normal outline-none keyboard-focused:focus-ring [.text-message+&amp;]:mt-1\" dir=\"auto\" tabindex=\"0\" data-message-author-role=\"assistant\" data-message-id=\"ec6a8b2d-3fe5-41ea-a3c3-6659822a0ea0\" data-message-model-slug=\"gpt-5-3\" data-turn-start-message=\"true\">\n<div class=\"flex w-full flex-col gap-1 empty:hidden\">\n<div class=\"markdown prose dark:prose-invert w-full wrap-break-word light markdown-new-styling\">\n<p style=\"padding-left: 80px;\" data-start=\"0\" data-end=\"230\" data-is-last-node=\"\" data-is-only-node=\"\"><span style=\"color: #282828;\"><strong data-start=\"0\" data-end=\"20\" data-is-only-node=\"\">Kie Beauty<\/strong>\u00a0l\u00e0 c\u1eeda h\u00e0ng m\u1ef9 ph\u1ea9m t\u1ea1i <span class=\"hover:entity-accent entity-underline inline cursor-pointer align-baseline\"><span class=\"whitespace-normal\">Th\u00e0nh ph\u1ed1 H\u1ed3 Ch\u00ed Minh<\/span><\/span>, chuy\u00ean cung c\u1ea5p c\u00e1c s\u1ea3n ph\u1ea9m trang \u0111i\u1ec3m v\u00e0 ch\u0103m s\u00f3c da ph\u1ed5 bi\u1ebfn v\u1edbi m\u1ee9c gi\u00e1 ph\u1ea3i ch\u0103ng, ph\u00f9 h\u1ee3p h\u1ecdc sinh \u2013 sinh vi\u00ean v\u00e0 nhu c\u1ea7u s\u1eed d\u1ee5ng h\u1eb1ng ng\u00e0y.<\/span><\/p>\n<\/div>\n<\/div>\n<\/div>\n<\/div>\n<div class=\"z-0 flex min-h-[46px] justify-start\" style=\"padding-left: 80px;\">\u00a0<\/div>\n<div class=\"mt-3 w-full empty:hidden\">\n<div class=\"text-center\">\u00a0<\/div>\n<\/div>\n<\/div>\n<\/div>\n<\/section>\n<\/div>\n<div class=\"pointer-events-none h-px w-px absolute bottom-0\" aria-hidden=\"true\" data-edge=\"true\">\u00a0<\/div>\n\t<div id=\"text-413452250\" class=\"text\">\n\t\t\n\n<h2 style=\"text-align: left;\">\u00a0 \u00a0 \u00a0 \u00a0 \u00a0 \u00a0 \u00a0 \u00a0Th\u00f4ng tin li\u00ean h\u1ec7<\/h2>\n\t\t\n<style>\n#text-413452250 {\n  color: rgb(237, 61, 120);\n}\n#text-413452250 > * {\n  color: rgb(237, 61, 120);\n}\n<\/style>\n\t<\/div>\n\t\n\t<div id=\"text-3996859961\" class=\"text\">\n\t\t\n\n<p data-start=\"47\" data-end=\"99\">\u00a0 \u00a0 \u00a0 \u00a0 \u00a0 \u00a0 \u00a0 \u00a0 \u00a0 \u00a0 \u00a0 \u00a0 \u00a0 B\u1ea1n c\u00f3 th\u1ec3 k\u1ebft n\u1ed1i ngay v\u1edbi KIE BEAUTY qua c\u00e1c k\u00eanh sau \u0111\u1ec3 \u0111\u01b0\u1ee3c ph\u1ea3n h\u1ed3i nhanh ch\u00f3ng:<\/p>\n<p data-start=\"47\" data-end=\"99\">\u00a0 \u00a0 \u00a0 \u00a0 \u00a0 \u00a0 \u00a0 \u00a0 \u00a0 \u00a0 \u00a0 \u00a0 \u00a0 <b data-path-to-node=\"7,2,0\" data-index-in-node=\"0\">\u0110\u1ecba ch\u1ec9 Showroom:<\/b>\u00a0<a href=\"https:\/\/maps.app.goo.gl\/yPHhU13FY5VhFmfN9\">10 \u0110\u01b0\u1eddng Nguy\u1ec5n V\u0103n Dung, Ph\u01b0\u1eddng 6, G\u00f2 V\u1ea5p, H\u1ed3 Ch\u00ed Minh, Vi\u1ec7t Nam<\/a><\/p>\n<p data-start=\"101\" data-end=\"199\" data-is-last-node=\"\" data-is-only-node=\"\"><strong data-start=\"104\" data-end=\"116\">\u00a0 \u00a0 \u00a0 \u00a0 \u00a0 \u00a0 \u00a0 \u00a0 \u00a0 \u00a0 \u00a0 \u00a0 \u00a0\ud83d\udcde Hotline:<\/strong>\u00a0<a href=\"http:\/\/0917887476\" data-wplink-url-error=\"true\">0917887476<\/a><br data-start=\"147\" data-end=\"150\" \/>\u00a0 \u00a0 \u00a0 \u00a0 \u00a0 \u00a0 \u00a0 \u00a0 \u00a0 \u00a0 \u00a0 \u00a0 \u23f0 <strong data-start=\"153\" data-end=\"170\">Gi\u1edd l\u00e0m vi\u1ec7c:<\/strong><a href=\"http:\/\/8:00 \u2013 17:00 (Th\u1ee9 2 \u2013 Th\u1ee9 7)\" data-wplink-url-error=\"true\"> 8:00 \u2013 17:00 (Th\u1ee9 2 \u2013 Th\u1ee9 7)<\/a><\/p>\n<p data-start=\"101\" data-end=\"199\" data-is-last-node=\"\" data-is-only-node=\"\">\u00a0<\/p>\n\t\t\n<style>\n#text-3996859961 {\n  color: rgb(0,0,0);\n}\n#text-3996859961 > * {\n  color: rgb(0,0,0);\n}\n<\/style>\n\t<\/div>\n\t\n<p class=\"isSelectedEnd\" style=\"padding-left: 80px;\"><span style=\"color: #282828;\"><strong>G\u1eedi L\u1eddi Nh\u1eafn Cho Ch\u00fang T\u00f4i<\/strong><\/span><\/p>\n<p style=\"padding-left: 80px;\"><span style=\"color: #282828;\">N\u1ebfu b\u1ea1n c\u00f3 b\u1ea5t k\u1ef3 g\u00f3p \u00fd, c\u00e2u h\u1ecfi v\u1ec1 s\u1ea3n ph\u1ea9m ho\u1eb7c c\u1ea7n t\u01b0 v\u1ea5n chi ti\u1ebft v\u1ec1 m\u1ef9 ph\u1ea9m ph\u00f9 h\u1ee3p v\u1edbi l\u00e0n da, h\u00e3y \u0111\u1ec3 l\u1ea1i th\u00f4ng tin theo m\u1eabu d\u01b0\u1edbi \u0111\u00e2y. \u0110\u1ed9i ng\u0169 ch\u0103m s\u00f3c kh\u00e1ch h\u00e0ng c\u1ee7a shop s\u1ebd ph\u1ea3n h\u1ed3i b\u1ea1n trong v\u00f2ng 24 gi\u1edd l\u00e0m vi\u1ec7c.<\/span><\/p>\n\n\n\n<style id=\"wpforms-css-vars-550\">\n\t\t\t\t#wpforms-550 {\n\t\t\t\t--wpforms-field-border-color: rgba(0, 0, 0, 0.25);\n--wpforms-field-border-color-spare: rgba(0, 0, 0, 0.25);\n--wpforms-field-text-color: rgba(0, 0, 0, 0.7);\n--wpforms-label-color: rgba(0, 0, 0, 0.85);\n--wpforms-label-sublabel-color: rgba(0, 0, 0, 0.55);\n--wpforms-button-background-color: #ed2396;\n--wpforms-container-padding: 0px;\n--wpforms-container-border-width: 1px;\n--wpforms-container-border-radius: 3px;\n--wpforms-background-color: rgba(0, 0, 0, 0);\n--wpforms-field-size-input-height: 43px;\n--wpforms-field-size-input-spacing: 15px;\n--wpforms-field-size-font-size: 16px;\n--wpforms-field-size-line-height: 19px;\n--wpforms-field-size-padding-h: 14px;\n--wpforms-field-size-checkbox-size: 16px;\n--wpforms-field-size-sublabel-spacing: 5px;\n--wpforms-field-size-icon-size: 1;\n--wpforms-label-size-font-size: 16px;\n--wpforms-label-size-line-height: 19px;\n--wpforms-label-size-sublabel-font-size: 14px;\n--wpforms-label-size-sublabel-line-height: 17px;\n--wpforms-button-size-font-size: 17px;\n--wpforms-button-size-height: 41px;\n--wpforms-button-size-padding-h: 15px;\n--wpforms-button-size-margin-top: 10px;\n--wpforms-container-shadow-size-box-shadow: none;\n\t\t\t}\n\t\t\t<\/style><div class=\"wpforms-container wpforms-container-full wpforms-render-modern\" id=\"wpforms-550\"><form id=\"wpforms-form-550\" class=\"wpforms-validate wpforms-form wpforms-ajax-form\" data-formid=\"550\" method=\"post\" enctype=\"multipart\/form-data\" action=\"\/index.php\/wp-json\/wp\/v2\/pages\/379\" data-token=\"f4c5d4a15b3c0857ab4849eb1fc7297f\" data-token-time=\"1776960607\"><noscript class=\"wpforms-error-noscript\">Vui l\u00f2ng b\u1eadt JavaScript trong tr\u00ecnh duy\u1ec7t c\u1ee7a b\u1ea1n \u0111\u1ec3 ho\u00e0n th\u00e0nh Form n\u00e0y.<\/noscript><div id=\"wpforms-error-noscript\" style=\"display: none;\">Vui l\u00f2ng b\u1eadt JavaScript trong tr\u00ecnh duy\u1ec7t c\u1ee7a b\u1ea1n \u0111\u1ec3 ho\u00e0n th\u00e0nh Form n\u00e0y.<\/div><div class=\"wpforms-field-container\"><div id=\"wpforms-550-field_1-container\" class=\"wpforms-field wpforms-field-name\" data-field-id=\"1\"><fieldset><legend class=\"wpforms-field-label\">H\u1ecd v\u00e0 t\u00ean  <span class=\"wpforms-required-label\" aria-hidden=\"true\">*<\/span><\/legend><div class=\"wpforms-field-row wpforms-field-medium\"><div class=\"wpforms-field-row-block wpforms-first wpforms-one-half\"><input type=\"text\" id=\"wpforms-550-field_1\" class=\"wpforms-field-name-first wpforms-field-required\" name=\"wpforms[fields][1][first]\" aria-errormessage=\"wpforms-550-field_1-error\" required><label for=\"wpforms-550-field_1\" class=\"wpforms-field-sublabel after\">T\u00ean<\/label><\/div><div class=\"wpforms-field-row-block wpforms-one-half\"><input type=\"text\" id=\"wpforms-550-field_1-last\" class=\"wpforms-field-name-last wpforms-field-required\" name=\"wpforms[fields][1][last]\" aria-errormessage=\"wpforms-550-field_1-last-error\" required><label for=\"wpforms-550-field_1-last\" class=\"wpforms-field-sublabel after\">H\u1ecd<\/label><\/div><\/div><\/fieldset><\/div><div id=\"wpforms-550-field_6-container\" class=\"wpforms-field wpforms-field-number\" data-field-id=\"6\"><label class=\"wpforms-field-label\" for=\"wpforms-550-field_6\">S\u1ed1 \u0111i\u1ec7n tho\u1ea1i <\/label><input type=\"number\" id=\"wpforms-550-field_6\" class=\"wpforms-field-medium\" name=\"wpforms[fields][6]\" step=\"any\" aria-errormessage=\"wpforms-550-field_6-error\" ><\/div>\t\t<div id=\"wpforms-550-field_2-container\"\n\t\t\tclass=\"wpforms-field wpforms-field-text\"\n\t\t\tdata-field-type=\"text\"\n\t\t\tdata-field-id=\"2\"\n\t\t\t>\n\t\t\t<label class=\"wpforms-field-label\" for=\"wpforms-550-field_2\" > ki\u1ebfn v\u00e0<\/label>\n\t\t\t<input type=\"text\" id=\"wpforms-550-field_2\" class=\"wpforms-field-medium\" name=\"wpforms[fields][2]\" >\n\t\t<\/div>\n\t\t<div id=\"wpforms-550-field_4-container\" class=\"wpforms-field wpforms-field-email\" data-field-id=\"4\"><label class=\"wpforms-field-label\" for=\"wpforms-550-field_4\">Email <span class=\"wpforms-required-label\" aria-hidden=\"true\">*<\/span><\/label><input type=\"email\" id=\"wpforms-550-field_4\" class=\"wpforms-field-medium wpforms-field-required\" name=\"wpforms[fields][4]\" spellcheck=\"false\" aria-errormessage=\"wpforms-550-field_4-error\" required><\/div><div id=\"wpforms-550-field_5-container\" class=\"wpforms-field wpforms-field-textarea\" data-field-id=\"5\"><label class=\"wpforms-field-label\" for=\"wpforms-550-field_5\">\u00dd ki\u1ebfn kh\u00e1ch h\u00e0ng<\/label><textarea id=\"wpforms-550-field_5\" class=\"wpforms-field-medium\" name=\"wpforms[fields][5]\" aria-errormessage=\"wpforms-550-field_5-error\" ><\/textarea><\/div><script>\n\t\t\t\t( function() {\n\t\t\t\t\tconst style = document.createElement( 'style' );\n\t\t\t\t\tstyle.appendChild( document.createTextNode( '#wpforms-550-field_2-container { position: absolute !important; overflow: hidden !important; display: inline !important; height: 1px !important; width: 1px !important; z-index: -1000 !important; padding: 0 !important; } #wpforms-550-field_2-container input { visibility: hidden; } #wpforms-conversational-form-page #wpforms-550-field_2-container label { counter-increment: none; }' ) );\n\t\t\t\t\tdocument.head.appendChild( style );\n\t\t\t\t\tdocument.currentScript?.remove();\n\t\t\t\t} )();\n\t\t\t<\/script><\/div><!-- .wpforms-field-container --><div class=\"wpforms-submit-container\" ><input type=\"hidden\" name=\"wpforms[id]\" value=\"550\"><input type=\"hidden\" name=\"page_title\" value=\"\"><input type=\"hidden\" name=\"page_url\" value=\"https:\/\/shopmypham.azdigi.shop\/index.php\/wp-json\/wp\/v2\/pages\/379\"><input type=\"hidden\" name=\"url_referer\" value=\"\"><button type=\"submit\" name=\"wpforms[submit]\" id=\"wpforms-submit-550\" class=\"wpforms-submit\" data-alt-text=\"Sending...\" data-submit-text=\"Submit\" aria-live=\"assertive\" value=\"wpforms-submit\">Submit<\/button><img loading=\"lazy\" decoding=\"async\" src=\"https:\/\/shopmypham.azdigi.shop\/wp-content\/plugins\/wpforms-lite\/assets\/images\/submit-spin.svg\" class=\"wpforms-submit-spinner\" style=\"display: none;\" width=\"26\" height=\"26\" alt=\"\u0110ang t\u1ea3i\"><\/div><\/form><\/div>  <!-- .wpforms-container -->\n\n\n\n\t<div id=\"text-120161867\" class=\"text\">\n\t\t\n\n<h3 style=\"padding-left: 80px;\" data-path-to-node=\"14\">T\u00ecm \u0111\u01b0\u1eddng \u0111\u1ebfn Kie Beauty<\/h3>\n<p style=\"padding-left: 80px;\" data-path-to-node=\"15\">N\u1eb1m n\u1eb1m ngay tr\u00ean ho\u1eb7c g\u1ea7n \u0111\u01b0\u1eddng Nguy\u1ec5n V\u0103n Dung, c\u1eeda h\u00e0ng c\u1ee7a ch\u00fang t\u00f4i lu\u00f4n ch\u00e0o \u0111\u00f3n b\u1ea1n \u0111\u1ebfn tr\u1ea3i nghi\u1ec7m tr\u1ef1c ti\u1ebfp.<\/p>\n\t\t\n<style>\n#text-120161867 {\n  color: rgb(0,0,0);\n}\n#text-120161867 > * {\n  color: rgb(0,0,0);\n}\n<\/style>\n\t<\/div>\n\t\n<p style=\"padding-left: 80px;\"><iframe loading=\"lazy\" style=\"border: 0;\" src=\"https:\/\/www.google.com\/maps\/embed?pb=!1m18!1m12!1m3!1d3918.5208086667963!2d106.67697107536036!3d10.847936089305275!2m3!1f0!2f0!3f0!3m2!1i1024!2i768!4f13.1!3m3!1m2!1s0x31752952050e0161%3A0x34bb62d5ee89d926!2zVMOyYSBuaMOgIFR14buVaSBUcuG6uyBUb3dlciAtIE9mZmljZSBTYWlnb24!5e0!3m2!1svi!2s!4v1776572779241!5m2!1svi!2s\" width=\"600\" height=\"450\" allowfullscreen=\"allowfullscreen\"><\/iframe><\/p>\n<div class=\"social-icons follow-icons full-width text-right\" ><a href=\"https:\/\/www.facebook.com\/share\/17jR5FUwkN\/\" target=\"_blank\" data-label=\"Facebook\" rel=\"noopener noreferrer nofollow\" class=\"icon button circle is-outline facebook tooltip\" title=\"Follow on Facebook\" aria-label=\"Follow on Facebook\"><i class=\"icon-facebook\" ><\/i><\/a><a href=\"https:\/\/www.instagram.com\/romand_vn?igsh=MWhvNzRlc3hvZHR0cw==\" target=\"_blank\" rel=\"noopener noreferrer nofollow\" data-label=\"Instagram\" class=\"icon button circle is-outline  instagram tooltip\" title=\"Follow on Instagram\" aria-label=\"Follow on Instagram\"><i class=\"icon-instagram\" ><\/i><\/a><a href=\"https:\/\/www.tiktok.com\/@romand_officialstore?_r=1&amp;_t=ZS-93Q9XU5U8R8\" target=\"_blank\" rel=\"noopener noreferrer nofollow\" data-label=\"TikTok\" class=\"icon button circle is-outline tiktok tooltip\" title=\"Follow on TikTok\" aria-label=\"Follow on TikTok\"><i class=\"icon-tiktok\" ><\/i><\/a><a href=\"mailto:ngocthao7472@gmail.com\" data-label=\"E-mail\" rel=\"nofollow\" class=\"icon button circle is-outline  email tooltip\" title=\"Send us an email\" aria-label=\"Send us an email\"><i class=\"icon-envelop\" ><\/i><\/a><a href=\"tel:0917887476\" target=\"_blank\" data-label=\"Phone\" rel=\"noopener noreferrer nofollow\" class=\"icon button circle is-outline  phone tooltip\" title=\"Call us\" aria-label=\"Call us\"><i class=\"icon-phone\" ><\/i><\/a><\/div>\n\n\n","protected":false},"excerpt":{"rendered":"","protected":false},"author":1,"featured_media":0,"parent":0,"menu_order":0,"comment_status":"closed","ping_status":"closed","template":"","meta":{"footnotes":""},"class_list":["post-379","page","type-page","status-publish","hentry"],"yoast_head":"<!-- This site is optimized with the Yoast SEO plugin v27.3 - https:\/\/yoast.com\/product\/yoast-seo-wordpress\/ -->\n<title>Li\u00ean h\u1ec7 - Shop m\u1ef9 ph\u1ea9m<\/title>\n<meta name=\"robots\" content=\"index, follow, max-snippet:-1, max-image-preview:large, max-video-preview:-1\" \/>\n<link rel=\"canonical\" href=\"https:\/\/shopmypham.azdigi.shop\/index.php\/lien-he\/\" \/>\n<meta property=\"og:locale\" content=\"vi_VN\" \/>\n<meta property=\"og:type\" content=\"article\" \/>\n<meta property=\"og:title\" content=\"Li\u00ean h\u1ec7 - Shop m\u1ef9 ph\u1ea9m\" \/>\n<meta property=\"og:url\" content=\"https:\/\/shopmypham.azdigi.shop\/index.php\/lien-he\/\" \/>\n<meta property=\"og:site_name\" content=\"Shop m\u1ef9 ph\u1ea9m\" \/>\n<meta property=\"article:publisher\" content=\"https:\/\/www.facebook.com\/share\/17jR5FUwkN\/\" \/>\n<meta property=\"article:modified_time\" content=\"2026-04-19T06:58:16+00:00\" \/>\n<meta name=\"twitter:card\" content=\"summary_large_image\" \/>\n<meta name=\"twitter:label1\" content=\"\u01af\u1edbc t\u00ednh th\u1eddi gian \u0111\u1ecdc\" \/>\n\t<meta name=\"twitter:data1\" content=\"1 ph\u00fat\" \/>\n<script type=\"application\/ld+json\" class=\"yoast-schema-graph\">{\"@context\":\"https:\\\/\\\/schema.org\",\"@graph\":[{\"@type\":\"WebPage\",\"@id\":\"https:\\\/\\\/shopmypham.azdigi.shop\\\/index.php\\\/lien-he\\\/\",\"url\":\"https:\\\/\\\/shopmypham.azdigi.shop\\\/index.php\\\/lien-he\\\/\",\"name\":\"Li\u00ean h\u1ec7 - Shop m\u1ef9 ph\u1ea9m\",\"isPartOf\":{\"@id\":\"https:\\\/\\\/shopmypham.azdigi.shop\\\/#website\"},\"datePublished\":\"2026-03-17T10:54:43+00:00\",\"dateModified\":\"2026-04-19T06:58:16+00:00\",\"breadcrumb\":{\"@id\":\"https:\\\/\\\/shopmypham.azdigi.shop\\\/index.php\\\/lien-he\\\/#breadcrumb\"},\"inLanguage\":\"vi\",\"potentialAction\":[{\"@type\":\"ReadAction\",\"target\":[\"https:\\\/\\\/shopmypham.azdigi.shop\\\/index.php\\\/lien-he\\\/\"]}]},{\"@type\":\"BreadcrumbList\",\"@id\":\"https:\\\/\\\/shopmypham.azdigi.shop\\\/index.php\\\/lien-he\\\/#breadcrumb\",\"itemListElement\":[{\"@type\":\"ListItem\",\"position\":1,\"name\":\"Home\",\"item\":\"https:\\\/\\\/shopmypham.azdigi.shop\\\/\"},{\"@type\":\"ListItem\",\"position\":2,\"name\":\"Li\u00ean h\u1ec7\"}]},{\"@type\":\"WebSite\",\"@id\":\"https:\\\/\\\/shopmypham.azdigi.shop\\\/#website\",\"url\":\"https:\\\/\\\/shopmypham.azdigi.shop\\\/\",\"name\":\"Shop m\u1ef9 ph\u1ea9m\",\"description\":\"\",\"publisher\":{\"@id\":\"https:\\\/\\\/shopmypham.azdigi.shop\\\/#organization\"},\"potentialAction\":[{\"@type\":\"SearchAction\",\"target\":{\"@type\":\"EntryPoint\",\"urlTemplate\":\"https:\\\/\\\/shopmypham.azdigi.shop\\\/?s={search_term_string}\"},\"query-input\":{\"@type\":\"PropertyValueSpecification\",\"valueRequired\":true,\"valueName\":\"search_term_string\"}}],\"inLanguage\":\"vi\"},{\"@type\":\"Organization\",\"@id\":\"https:\\\/\\\/shopmypham.azdigi.shop\\\/#organization\",\"name\":\"Shop m\u1ef9 ph\u1ea9m\",\"url\":\"https:\\\/\\\/shopmypham.azdigi.shop\\\/\",\"logo\":{\"@type\":\"ImageObject\",\"inLanguage\":\"vi\",\"@id\":\"https:\\\/\\\/shopmypham.azdigi.shop\\\/#\\\/schema\\\/logo\\\/image\\\/\",\"url\":\"https:\\\/\\\/shopmypham.azdigi.shop\\\/wp-content\\\/uploads\\\/2026\\\/03\\\/Anh-chup-man-hinh-2026-01-31-214354.png\",\"contentUrl\":\"https:\\\/\\\/shopmypham.azdigi.shop\\\/wp-content\\\/uploads\\\/2026\\\/03\\\/Anh-chup-man-hinh-2026-01-31-214354.png\",\"width\":880,\"height\":565,\"caption\":\"Shop m\u1ef9 ph\u1ea9m\"},\"image\":{\"@id\":\"https:\\\/\\\/shopmypham.azdigi.shop\\\/#\\\/schema\\\/logo\\\/image\\\/\"},\"sameAs\":[\"https:\\\/\\\/www.facebook.com\\\/share\\\/17jR5FUwkN\\\/\"]}]}<\/script>\n<!-- \/ Yoast SEO plugin. -->","yoast_head_json":{"title":"Li\u00ean h\u1ec7 - Shop m\u1ef9 ph\u1ea9m","robots":{"index":"index","follow":"follow","max-snippet":"max-snippet:-1","max-image-preview":"max-image-preview:large","max-video-preview":"max-video-preview:-1"},"canonical":"https:\/\/shopmypham.azdigi.shop\/index.php\/lien-he\/","og_locale":"vi_VN","og_type":"article","og_title":"Li\u00ean h\u1ec7 - Shop m\u1ef9 ph\u1ea9m","og_url":"https:\/\/shopmypham.azdigi.shop\/index.php\/lien-he\/","og_site_name":"Shop m\u1ef9 ph\u1ea9m","article_publisher":"https:\/\/www.facebook.com\/share\/17jR5FUwkN\/","article_modified_time":"2026-04-19T06:58:16+00:00","twitter_card":"summary_large_image","twitter_misc":{"\u01af\u1edbc t\u00ednh th\u1eddi gian \u0111\u1ecdc":"1 ph\u00fat"},"schema":{"@context":"https:\/\/schema.org","@graph":[{"@type":"WebPage","@id":"https:\/\/shopmypham.azdigi.shop\/index.php\/lien-he\/","url":"https:\/\/shopmypham.azdigi.shop\/index.php\/lien-he\/","name":"Li\u00ean h\u1ec7 - Shop m\u1ef9 ph\u1ea9m","isPartOf":{"@id":"https:\/\/shopmypham.azdigi.shop\/#website"},"datePublished":"2026-03-17T10:54:43+00:00","dateModified":"2026-04-19T06:58:16+00:00","breadcrumb":{"@id":"https:\/\/shopmypham.azdigi.shop\/index.php\/lien-he\/#breadcrumb"},"inLanguage":"vi","potentialAction":[{"@type":"ReadAction","target":["https:\/\/shopmypham.azdigi.shop\/index.php\/lien-he\/"]}]},{"@type":"BreadcrumbList","@id":"https:\/\/shopmypham.azdigi.shop\/index.php\/lien-he\/#breadcrumb","itemListElement":[{"@type":"ListItem","position":1,"name":"Home","item":"https:\/\/shopmypham.azdigi.shop\/"},{"@type":"ListItem","position":2,"name":"Li\u00ean h\u1ec7"}]},{"@type":"WebSite","@id":"https:\/\/shopmypham.azdigi.shop\/#website","url":"https:\/\/shopmypham.azdigi.shop\/","name":"Shop m\u1ef9 ph\u1ea9m","description":"","publisher":{"@id":"https:\/\/shopmypham.azdigi.shop\/#organization"},"potentialAction":[{"@type":"SearchAction","target":{"@type":"EntryPoint","urlTemplate":"https:\/\/shopmypham.azdigi.shop\/?s={search_term_string}"},"query-input":{"@type":"PropertyValueSpecification","valueRequired":true,"valueName":"search_term_string"}}],"inLanguage":"vi"},{"@type":"Organization","@id":"https:\/\/shopmypham.azdigi.shop\/#organization","name":"Shop m\u1ef9 ph\u1ea9m","url":"https:\/\/shopmypham.azdigi.shop\/","logo":{"@type":"ImageObject","inLanguage":"vi","@id":"https:\/\/shopmypham.azdigi.shop\/#\/schema\/logo\/image\/","url":"https:\/\/shopmypham.azdigi.shop\/wp-content\/uploads\/2026\/03\/Anh-chup-man-hinh-2026-01-31-214354.png","contentUrl":"https:\/\/shopmypham.azdigi.shop\/wp-content\/uploads\/2026\/03\/Anh-chup-man-hinh-2026-01-31-214354.png","width":880,"height":565,"caption":"Shop m\u1ef9 ph\u1ea9m"},"image":{"@id":"https:\/\/shopmypham.azdigi.shop\/#\/schema\/logo\/image\/"},"sameAs":["https:\/\/www.facebook.com\/share\/17jR5FUwkN\/"]}]}},"_links":{"self":[{"href":"https:\/\/shopmypham.azdigi.shop\/index.php\/wp-json\/wp\/v2\/pages\/379","targetHints":{"allow":["GET"]}}],"collection":[{"href":"https:\/\/shopmypham.azdigi.shop\/index.php\/wp-json\/wp\/v2\/pages"}],"about":[{"href":"https:\/\/shopmypham.azdigi.shop\/index.php\/wp-json\/wp\/v2\/types\/page"}],"author":[{"embeddable":true,"href":"https:\/\/shopmypham.azdigi.shop\/index.php\/wp-json\/wp\/v2\/users\/1"}],"replies":[{"embeddable":true,"href":"https:\/\/shopmypham.azdigi.shop\/index.php\/wp-json\/wp\/v2\/comments?post=379"}],"version-history":[{"count":16,"href":"https:\/\/shopmypham.azdigi.shop\/index.php\/wp-json\/wp\/v2\/pages\/379\/revisions"}],"predecessor-version":[{"id":1354,"href":"https:\/\/shopmypham.azdigi.shop\/index.php\/wp-json\/wp\/v2\/pages\/379\/revisions\/1354"}],"wp:attachment":[{"href":"https:\/\/shopmypham.azdigi.shop\/index.php\/wp-json\/wp\/v2\/media?parent=379"}],"curies":[{"name":"wp","href":"https:\/\/api.w.org\/{rel}","templated":true}]}}