{"id":1027,"date":"2026-03-31T11:05:59","date_gmt":"2026-03-31T11:05:59","guid":{"rendered":"https:\/\/shopmypham.azdigi.shop\/?post_type=product&#038;p=1027"},"modified":"2026-04-14T15:08:38","modified_gmt":"2026-04-14T15:08:38","slug":"kem-duong-da-loreal","status":"publish","type":"product","link":"https:\/\/shopmypham.azdigi.shop\/index.php\/product\/kem-duong-da-loreal\/","title":{"rendered":"Kem D\u01b0\u1ee1ng Da L&#8217;Oreal"},"content":{"rendered":"<div class=\"product-section-title\">\n<h2><strong>Chi ti\u1ebft s\u1ea3n ph\u1ea9m<\/strong><\/h2>\n<\/div>\n<div class=\"page-product-description-detail-wrap expanded\">\n<div class=\"page-product-description-detail\">\n<ul>\n<li><strong>T\u00ean s\u1ea3n ph\u1ea9m:\u00a0<\/strong>L&#8217;Oreal Glycolic Bright Glowing Cream Night 50ml<\/li>\n<li><strong>K\u1ebft c\u1ea5u:\u00a0<\/strong>D\u1ea1ng gel, m\u1ecfng nh\u1eb9<\/li>\n<li><strong>Dung t\u00edch:<\/strong>\u00a050ml<\/li>\n<li><strong>Th\u01b0\u01a1ng hi\u1ec7u:\u00a0<\/strong>L&#8217;Oreal (Ph\u00e1p)<\/li>\n<\/ul>\n<p>*<strong>L\u2019Or\u00e9al<\/strong>\u00a0Paris l\u00e0 nh\u00e3n hi\u1ec7u m\u1ef9 ph\u1ea9m h\u00e0ng \u0111\u1ea7u t\u1ea1i Ch\u00e2u \u00c2u \u0111\u01b0\u1ee3c s\u1ea3n xu\u1ea5t t\u1ea1i nhi\u1ec1u nh\u00e0 m\u00e1y tr\u00ean to\u00e0n th\u1ebf gi\u1edbi nh\u01b0 Trung Qu\u1ed1c, M\u1ef9, Indonesia\u2026 D\u00f9 \u0111\u01b0\u1ee3c s\u1ea3n xu\u1ea5t \u1edf \u0111\u00e2u, c\u00e1c s\u1ea3n ph\u1ea9m \u0111\u1ec1u tu\u00e2n theo quy tr\u00ecnh ki\u1ec3m so\u00e1t ch\u1ea5t l\u01b0\u1ee3ng nghi\u00eam ng\u1eb7t v\u00e0 \u0111\u1ed3ng \u0111\u1ec1u c\u1ee7a L\u2019Or\u00e9al To\u00e0n C\u1ea7u. C\u00e1c s\u1ea3n ph\u1ea9m ch\u00ednh h\u00e3ng \u0111\u1ec1u c\u00f3 tem nh\u00e3n ti\u1ebfng Vi\u1ec7t ph\u00eda sau v\u00e0 nh\u1eadp kh\u1ea9u tr\u1ef1c ti\u1ebfp t\u1eeb c\u00f4ng ty TNHH L\u2019Oreal Vi\u1ec7t Nam n\u00ean c\u00e1c b\u1ea1n ho\u00e0n to\u00e0n y\u00ean t\u00e2m v\u1ec1 ch\u1ea5t l\u01b0\u1ee3ng s\u1ea3n ph\u1ea9m.<\/p>\n<ul>\n<li><strong>H\u1ea1n s\u1eed d\u1ee5ng:\u00a0<\/strong>3 n\u0103m k\u1ec3 t\u1eeb ng\u00e0y s\u1ea3n xu\u1ea5t in tr\u00ean bao b\u00ec<\/li>\n<\/ul>\n<p><strong>1. Th\u00f4ng tin s\u1ea3n ph\u1ea9m<\/strong><\/p>\n<p>Kem D\u01b0\u1ee1ng Da H\u1ed7 Tr\u1ee3 M\u1edd Th\u00e2m N\u00e1m Ban \u0110\u00eam<strong>\u00a0L&#8217;Oreal Glycolic Bright Glowing Cream Night 50ml\u00a0<\/strong>l\u00e0<strong>\u00a0kem d\u01b0\u1ee1ng<\/strong>\u00a0ban \u0111\u00eam\u00a0thu\u1ed9c th\u01b0\u01a1ng hi\u1ec7u\u00a0<strong>L&#8217;Oreal<\/strong>\u00a0\u0111\u1ebfn t\u1eeb Ph\u00e1p. V\u1edbi s\u1ef1 n\u00e2ng c\u1ea5p th\u00e0nh ph\u1ea7n Glycolic Acid (AHA) h\u1ed7 tr\u1ee3 l\u00e0m m\u1edd c\u00e1c \u0111\u1ed1m n\u00e2u v\u00e0 h\u1ed7 tr\u1ee3 d\u01b0\u1ee1ng s\u00e1ng da.<\/p>\n<h2><strong>2. \u01afu \u0111i\u1ec3m c\u1ee7a L&#8217;Oreal Glycolic Bright Glowing Cream Night 50ml<\/strong><\/h2>\n<p><strong>Kem D\u01b0\u1ee1ng Da H\u1ed7 Tr\u1ee3 M\u1edd Th\u00e2m N\u00e1m Ban \u0110\u00eam L&#8217;Oreal Glycolic Bright Glowing Cream Night\u00a0<\/strong>hi\u1ec7n \u0111\u00e3 c\u00f3 v\u1edbi nh\u1eefng \u0111\u1eb7c tr\u01b0ng n\u1ed5i b\u1eadt nh\u01b0 sau:<\/p>\n<ul>\n<li><strong>D\u01b0\u1ee1ng \u1ea9m da:\u00a0<\/strong>Mang \u0111\u1ebfn cho b\u1ea1n m\u1ed9t l\u00e0n da d\u01b0\u1ee1ng \u1ea9m t\u1ed1t, h\u1ed7 tr\u1ee3 d\u01b0\u1ee1ng tr\u1eafng m\u1edd th\u00e2m n\u00e1m, c\u1ea3i thi\u1ec7n m\u00e0u da \u0111\u1ec1u m\u00e0u mang l\u1ea1i m\u1ed9t l\u00e0n da t\u01b0\u01a1i t\u1eafn v\u00e0 tr\u00e0n \u0111\u1ea7y s\u1ee9c s\u1ed1ng.<\/li>\n<li><strong>Gi\u1ea3i quy\u1ebft m\u1ee5n \u1ea9n:\u00a0<\/strong>C\u00f3 th\u00e0nh ph\u1ea7n Glycolic Acid (AHA) gi\u00fap l\u00e0m m\u1edd c\u00e1c t\u00e0n nhang, \u0111\u1ed1m n\u00e2u v\u00e0 th\u00fac \u0111\u1ea9y thay m\u1edbi t\u1ebf b\u00e0o. Ngo\u00e0i ra, Glycolic Acid c\u00f2n h\u1ed7 tr\u1ee3 gi\u1ea3i quy\u1ebft m\u1ee5n \u1ea9n, m\u1ee5n c\u00e1m tr\u00ean da.<\/li>\n<li><strong>C\u1ea3i thi\u1ec7n da kh\u00f4ng \u0111\u1ec1u m\u00e0u:\u00a0<\/strong>Vitamin C h\u00e0m l\u01b0\u1ee3ng 1%\u00a0 h\u1ed7 tr\u1ee3 d\u01b0\u1ee1ng s\u00e1ng, b\u1ea3o v\u1ec7 da, c\u1ea3i thi\u1ec7n da kh\u00f4ng \u0111\u1ec1u m\u00e0u, \u0111\u1ed1m n\u00e2u, t\u00e0n nhang.<\/li>\n<li><strong>Ng\u0103n ng\u1eeba l\u00e3o h\u00f3a:\u00a0<\/strong>Gi\u00fap c\u1ea3i thi\u1ec7n n\u1ebfp nh\u0103n, l\u00e3o h\u00f3a tr\u00ean da, c\u1ea3i thi\u1ec7n \u0111\u1ec1u m\u00e0u da v\u00e0 h\u1ea1n ch\u1ebf m\u00e0u da g\u00e2y ra b\u1edfi b\u1ee9c x\u1ea1 tia c\u1ef1c t\u00edm nh\u1edd th\u00e0nh ph\u1ea7n Symwhite.<\/li>\n<\/ul>\n<p><img loading=\"lazy\" decoding=\"async\" class=\" wp-image-1036 aligncenter\" src=\"https:\/\/shopmypham.azdigi.shop\/wp-content\/uploads\/2026\/03\/201b554c88bd8ad54b806c8164d16a58_quot_222a270bbf0e4867b5363303afcd191d_master-300x300.jpg\" alt=\"\" width=\"519\" height=\"519\" srcset=\"https:\/\/shopmypham.azdigi.shop\/wp-content\/uploads\/2026\/03\/201b554c88bd8ad54b806c8164d16a58_quot_222a270bbf0e4867b5363303afcd191d_master-300x300.jpg 300w, https:\/\/shopmypham.azdigi.shop\/wp-content\/uploads\/2026\/03\/201b554c88bd8ad54b806c8164d16a58_quot_222a270bbf0e4867b5363303afcd191d_master-150x150.jpg 150w, https:\/\/shopmypham.azdigi.shop\/wp-content\/uploads\/2026\/03\/201b554c88bd8ad54b806c8164d16a58_quot_222a270bbf0e4867b5363303afcd191d_master-768x768.jpg 768w, https:\/\/shopmypham.azdigi.shop\/wp-content\/uploads\/2026\/03\/201b554c88bd8ad54b806c8164d16a58_quot_222a270bbf0e4867b5363303afcd191d_master-600x600.jpg 600w, https:\/\/shopmypham.azdigi.shop\/wp-content\/uploads\/2026\/03\/201b554c88bd8ad54b806c8164d16a58_quot_222a270bbf0e4867b5363303afcd191d_master-100x100.jpg 100w, https:\/\/shopmypham.azdigi.shop\/wp-content\/uploads\/2026\/03\/201b554c88bd8ad54b806c8164d16a58_quot_222a270bbf0e4867b5363303afcd191d_master.jpg 1000w\" sizes=\"auto, (max-width: 519px) 100vw, 519px\" \/><\/p>\n<p><img loading=\"lazy\" decoding=\"async\" class=\" wp-image-1037 aligncenter\" src=\"https:\/\/shopmypham.azdigi.shop\/wp-content\/uploads\/2026\/03\/d06a668d35242d531f20318dad14bde6_quot_737b1e4e511742d39f8e746665b6604b_master-300x300.jpg\" alt=\"\" width=\"517\" height=\"517\" srcset=\"https:\/\/shopmypham.azdigi.shop\/wp-content\/uploads\/2026\/03\/d06a668d35242d531f20318dad14bde6_quot_737b1e4e511742d39f8e746665b6604b_master-300x300.jpg 300w, https:\/\/shopmypham.azdigi.shop\/wp-content\/uploads\/2026\/03\/d06a668d35242d531f20318dad14bde6_quot_737b1e4e511742d39f8e746665b6604b_master-150x150.jpg 150w, https:\/\/shopmypham.azdigi.shop\/wp-content\/uploads\/2026\/03\/d06a668d35242d531f20318dad14bde6_quot_737b1e4e511742d39f8e746665b6604b_master-768x768.jpg 768w, https:\/\/shopmypham.azdigi.shop\/wp-content\/uploads\/2026\/03\/d06a668d35242d531f20318dad14bde6_quot_737b1e4e511742d39f8e746665b6604b_master-600x600.jpg 600w, https:\/\/shopmypham.azdigi.shop\/wp-content\/uploads\/2026\/03\/d06a668d35242d531f20318dad14bde6_quot_737b1e4e511742d39f8e746665b6604b_master-100x100.jpg 100w, https:\/\/shopmypham.azdigi.shop\/wp-content\/uploads\/2026\/03\/d06a668d35242d531f20318dad14bde6_quot_737b1e4e511742d39f8e746665b6604b_master.jpg 1000w\" sizes=\"auto, (max-width: 517px) 100vw, 517px\" \/><\/p>\n<h2><strong>3. \u0110\u1ed1i t\u01b0\u1ee3ng khuy\u00ean d\u00f9ng<\/strong><\/h2>\n<ul>\n<li>Ph\u00f9 h\u1ee3p v\u1edbi m\u1ecdi l\u00e0n da<\/li>\n<li>\u0110\u1eb7c bi\u1ec7t l\u00e0n da \u0111ang g\u1eb7p ph\u1ea3i c\u00e1c v\u1ea5n \u0111\u1ec1 v\u1ec1 th\u00e2m n\u00e1m, t\u00e0n nhang, x\u1ec9n m\u00e0u<\/li>\n<\/ul>\n<h2><strong>4. C\u00e1ch b\u1ea3o qu\u1ea3n\u00a0<\/strong><\/h2>\n<ul>\n<li>Tr\u00e1nh \u00e1nh n\u1eafng tr\u1ef1c ti\u1ebfp<\/li>\n<li>\u0110\u1ec3 n\u01a1i kh\u00f4 r\u00e1o, tho\u00e1ng m\u00e1t<\/li>\n<li>\u0110\u1eady k\u00edn sau khi s\u1eed d\u1ee5ng<\/li>\n<\/ul>\n<h2><strong>5. H\u01b0\u1edbng d\u1eabn s\u1eed d\u1ee5ng<\/strong><\/h2>\n<ul>\n<li>L\u1ea5y 1 l\u01b0\u1ee3ng v\u1eeba \u0111\u1ee7 thoa \u0111\u1ec1u l\u00ean m\u1eb7t v\u00e0 c\u1ed5 v\u00e0o m\u1ed7i \u0111\u00eam k\u1ebft h\u1ee3p c\u00f9ng massage nh\u1eb9 nh\u00e0ng gi\u00fap c\u00e1c d\u01b0\u1ee1ng ch\u1ea5t th\u1ea5m s\u00e2u v\u00e0o da.<\/li>\n<\/ul>\n<h2><strong>6. Nh\u1eefng l\u01b0u \u00fd khi s\u1eed d\u1ee5ng\u00a0<\/strong><\/h2>\n<ul>\n<li>T\u00e1c d\u1ee5ng c\u1ee7a s\u1ea3n ph\u1ea9m s\u1ebd kh\u00e1c nhau t\u00f9y v\u00e0o c\u01a1 \u0111\u1ecba c\u1ee7a m\u1ed7i ng\u01b0\u1eddi. V\u1edbi l\u00e0n da nh\u1ea1y c\u1ea3m b\u1ea1n n\u00ean th\u1eed s\u1ea3n ph\u1ea9m \u1edf m\u1ed9t v\u00f9ng nh\u1ecf tr\u01b0\u1edbc khi s\u1eed d\u1ee5ng cho to\u00e0n khu\u00f4n m\u1eb7t.<\/li>\n<\/ul>\n<h2><strong>7. Nh\u1eefng l\u01b0u \u00fd khi mua h\u00e0ng<\/strong><\/h2>\n<ul>\n<li>Hi\u1ec7n t\u1ea1i TGSF b\u00e1n m\u1eabu m\u1edbi v\u00e0 m\u1eabu th\u01b0\u1eddng, s\u1ea3n ph\u1ea9m s\u1ebd \u0111\u01b0\u1ee3c giao ng\u1eabu nhi\u00ean.<\/li>\n<\/ul>\n<\/div>\n<\/div>\n","protected":false},"excerpt":{"rendered":"<p>Kem D\u01b0\u1ee1ng Da H\u1ed7 Tr\u1ee3 M\u1edd Th\u00e2m N\u00e1m Ban \u0110\u00eam<strong>\u00a0L&#8217;Oreal Glycolic Bright Glowing Cream Night 50ml\u00a0<\/strong>l\u00e0<strong>\u00a0kem d\u01b0\u1ee1ng<\/strong>\u00a0ban \u0111\u00eam\u00a0thu\u1ed9c th\u01b0\u01a1ng hi\u1ec7u\u00a0<strong>L&#8217;Oreal<\/strong>\u00a0\u0111\u1ebfn t\u1eeb Ph\u00e1p. V\u1edbi s\u1ef1 n\u00e2ng c\u1ea5p th\u00e0nh ph\u1ea7n Glycolic Acid (AHA) h\u1ed7 tr\u1ee3 l\u00e0m m\u1edd c\u00e1c \u0111\u1ed1m n\u00e2u v\u00e0 h\u1ed7 tr\u1ee3 d\u01b0\u1ee1ng s\u00e1ng da.<\/p>\n","protected":false},"featured_media":1029,"comment_status":"open","ping_status":"closed","template":"","meta":[],"product_brand":[54],"product_cat":[69],"product_tag":[66],"class_list":{"0":"post-1027","1":"product","2":"type-product","3":"status-publish","4":"has-post-thumbnail","6":"product_brand-loreal","7":"product_cat-kem-duong-da","8":"product_tag-loreal","10":"first","11":"instock","12":"sale","13":"shipping-taxable","14":"purchasable","15":"product-type-variable"},"yoast_head":"<!-- This site is optimized with the Yoast SEO plugin v27.3 - https:\/\/yoast.com\/product\/yoast-seo-wordpress\/ -->\n<title>Kem D\u01b0\u1ee1ng Da L&#039;Oreal - Shop m\u1ef9 ph\u1ea9m<\/title>\n<meta name=\"description\" content=\"Kem D\u01b0\u1ee1ng Da H\u1ed7 Tr\u1ee3 M\u1edd Th\u00e2m N\u00e1m Ban \u0110\u00eam L&#039;Oreal Glycolic Bright Glowing Cream Night 50ml l\u00e0 kem d\u01b0\u1ee1ng ban \u0111\u00eam thu\u1ed9c th\u01b0\u01a1ng hi\u1ec7u L&#039;Oreal \u0111\u1ebfn t\u1eeb Ph\u00e1p\" \/>\n<meta name=\"robots\" content=\"index, follow, max-snippet:-1, max-image-preview:large, max-video-preview:-1\" \/>\n<link rel=\"canonical\" href=\"https:\/\/shopmypham.azdigi.shop\/index.php\/product\/kem-duong-da-loreal\/\" \/>\n<meta property=\"og:locale\" content=\"vi_VN\" \/>\n<meta property=\"og:type\" content=\"article\" \/>\n<meta property=\"og:title\" content=\"Kem D\u01b0\u1ee1ng Da L&#039;Oreal - Shop m\u1ef9 ph\u1ea9m\" \/>\n<meta property=\"og:description\" content=\"Kem D\u01b0\u1ee1ng Da H\u1ed7 Tr\u1ee3 M\u1edd Th\u00e2m N\u00e1m Ban \u0110\u00eam L&#039;Oreal Glycolic Bright Glowing Cream Night 50ml l\u00e0 kem d\u01b0\u1ee1ng ban \u0111\u00eam thu\u1ed9c th\u01b0\u01a1ng hi\u1ec7u L&#039;Oreal \u0111\u1ebfn t\u1eeb Ph\u00e1p\" \/>\n<meta property=\"og:url\" content=\"https:\/\/shopmypham.azdigi.shop\/index.php\/product\/kem-duong-da-loreal\/\" \/>\n<meta property=\"og:site_name\" content=\"Shop m\u1ef9 ph\u1ea9m\" \/>\n<meta property=\"article:publisher\" content=\"https:\/\/www.facebook.com\/share\/17jR5FUwkN\/\" \/>\n<meta property=\"article:modified_time\" content=\"2026-04-14T15:08:38+00:00\" \/>\n<meta property=\"og:image\" content=\"https:\/\/shopmypham.azdigi.shop\/wp-content\/uploads\/2026\/03\/e75638988d5add61ed94de6dcd8c816b_quot_b0075eb14e9b4992abcf5fa07e5146fb_1024x1024.jpg\" \/>\n\t<meta property=\"og:image:width\" content=\"800\" \/>\n\t<meta property=\"og:image:height\" content=\"800\" \/>\n\t<meta property=\"og:image:type\" content=\"image\/jpeg\" \/>\n<meta name=\"twitter:card\" content=\"summary_large_image\" \/>\n<meta name=\"twitter:label1\" content=\"\u01af\u1edbc t\u00ednh th\u1eddi gian \u0111\u1ecdc\" \/>\n\t<meta name=\"twitter:data1\" content=\"4 ph\u00fat\" \/>\n<script type=\"application\/ld+json\" class=\"yoast-schema-graph\">{\"@context\":\"https:\\\/\\\/schema.org\",\"@graph\":[{\"@type\":\"WebPage\",\"@id\":\"https:\\\/\\\/shopmypham.azdigi.shop\\\/index.php\\\/product\\\/kem-duong-da-loreal\\\/\",\"url\":\"https:\\\/\\\/shopmypham.azdigi.shop\\\/index.php\\\/product\\\/kem-duong-da-loreal\\\/\",\"name\":\"Kem D\u01b0\u1ee1ng Da L'Oreal - Shop m\u1ef9 ph\u1ea9m\",\"isPartOf\":{\"@id\":\"https:\\\/\\\/shopmypham.azdigi.shop\\\/#website\"},\"primaryImageOfPage\":{\"@id\":\"https:\\\/\\\/shopmypham.azdigi.shop\\\/index.php\\\/product\\\/kem-duong-da-loreal\\\/#primaryimage\"},\"image\":{\"@id\":\"https:\\\/\\\/shopmypham.azdigi.shop\\\/index.php\\\/product\\\/kem-duong-da-loreal\\\/#primaryimage\"},\"thumbnailUrl\":\"https:\\\/\\\/shopmypham.azdigi.shop\\\/wp-content\\\/uploads\\\/2026\\\/03\\\/e75638988d5add61ed94de6dcd8c816b_quot_b0075eb14e9b4992abcf5fa07e5146fb_1024x1024.jpg\",\"datePublished\":\"2026-03-31T11:05:59+00:00\",\"dateModified\":\"2026-04-14T15:08:38+00:00\",\"description\":\"Kem D\u01b0\u1ee1ng Da H\u1ed7 Tr\u1ee3 M\u1edd Th\u00e2m N\u00e1m Ban \u0110\u00eam L'Oreal Glycolic Bright Glowing Cream Night 50ml l\u00e0 kem d\u01b0\u1ee1ng ban \u0111\u00eam thu\u1ed9c th\u01b0\u01a1ng hi\u1ec7u L'Oreal \u0111\u1ebfn t\u1eeb Ph\u00e1p\",\"breadcrumb\":{\"@id\":\"https:\\\/\\\/shopmypham.azdigi.shop\\\/index.php\\\/product\\\/kem-duong-da-loreal\\\/#breadcrumb\"},\"inLanguage\":\"vi\",\"potentialAction\":[{\"@type\":\"ReadAction\",\"target\":[\"https:\\\/\\\/shopmypham.azdigi.shop\\\/index.php\\\/product\\\/kem-duong-da-loreal\\\/\"]}]},{\"@type\":\"ImageObject\",\"inLanguage\":\"vi\",\"@id\":\"https:\\\/\\\/shopmypham.azdigi.shop\\\/index.php\\\/product\\\/kem-duong-da-loreal\\\/#primaryimage\",\"url\":\"https:\\\/\\\/shopmypham.azdigi.shop\\\/wp-content\\\/uploads\\\/2026\\\/03\\\/e75638988d5add61ed94de6dcd8c816b_quot_b0075eb14e9b4992abcf5fa07e5146fb_1024x1024.jpg\",\"contentUrl\":\"https:\\\/\\\/shopmypham.azdigi.shop\\\/wp-content\\\/uploads\\\/2026\\\/03\\\/e75638988d5add61ed94de6dcd8c816b_quot_b0075eb14e9b4992abcf5fa07e5146fb_1024x1024.jpg\",\"width\":800,\"height\":800},{\"@type\":\"BreadcrumbList\",\"@id\":\"https:\\\/\\\/shopmypham.azdigi.shop\\\/index.php\\\/product\\\/kem-duong-da-loreal\\\/#breadcrumb\",\"itemListElement\":[{\"@type\":\"ListItem\",\"position\":1,\"name\":\"Home\",\"item\":\"https:\\\/\\\/shopmypham.azdigi.shop\\\/\"},{\"@type\":\"ListItem\",\"position\":2,\"name\":\"C\u1eeda h\u00e0ng\",\"item\":\"https:\\\/\\\/shopmypham.azdigi.shop\\\/index.php\\\/shop\\\/\"},{\"@type\":\"ListItem\",\"position\":3,\"name\":\"Kem D\u01b0\u1ee1ng Da L&#8217;Oreal\"}]},{\"@type\":\"WebSite\",\"@id\":\"https:\\\/\\\/shopmypham.azdigi.shop\\\/#website\",\"url\":\"https:\\\/\\\/shopmypham.azdigi.shop\\\/\",\"name\":\"Shop m\u1ef9 ph\u1ea9m\",\"description\":\"\",\"publisher\":{\"@id\":\"https:\\\/\\\/shopmypham.azdigi.shop\\\/#organization\"},\"potentialAction\":[{\"@type\":\"SearchAction\",\"target\":{\"@type\":\"EntryPoint\",\"urlTemplate\":\"https:\\\/\\\/shopmypham.azdigi.shop\\\/?s={search_term_string}\"},\"query-input\":{\"@type\":\"PropertyValueSpecification\",\"valueRequired\":true,\"valueName\":\"search_term_string\"}}],\"inLanguage\":\"vi\"},{\"@type\":\"Organization\",\"@id\":\"https:\\\/\\\/shopmypham.azdigi.shop\\\/#organization\",\"name\":\"Shop m\u1ef9 ph\u1ea9m\",\"url\":\"https:\\\/\\\/shopmypham.azdigi.shop\\\/\",\"logo\":{\"@type\":\"ImageObject\",\"inLanguage\":\"vi\",\"@id\":\"https:\\\/\\\/shopmypham.azdigi.shop\\\/#\\\/schema\\\/logo\\\/image\\\/\",\"url\":\"https:\\\/\\\/shopmypham.azdigi.shop\\\/wp-content\\\/uploads\\\/2026\\\/03\\\/Anh-chup-man-hinh-2026-01-31-214354.png\",\"contentUrl\":\"https:\\\/\\\/shopmypham.azdigi.shop\\\/wp-content\\\/uploads\\\/2026\\\/03\\\/Anh-chup-man-hinh-2026-01-31-214354.png\",\"width\":880,\"height\":565,\"caption\":\"Shop m\u1ef9 ph\u1ea9m\"},\"image\":{\"@id\":\"https:\\\/\\\/shopmypham.azdigi.shop\\\/#\\\/schema\\\/logo\\\/image\\\/\"},\"sameAs\":[\"https:\\\/\\\/www.facebook.com\\\/share\\\/17jR5FUwkN\\\/\"]}]}<\/script>\n<!-- \/ Yoast SEO plugin. -->","yoast_head_json":{"title":"Kem D\u01b0\u1ee1ng Da L'Oreal - Shop m\u1ef9 ph\u1ea9m","description":"Kem D\u01b0\u1ee1ng Da H\u1ed7 Tr\u1ee3 M\u1edd Th\u00e2m N\u00e1m Ban \u0110\u00eam L'Oreal Glycolic Bright Glowing Cream Night 50ml l\u00e0 kem d\u01b0\u1ee1ng ban \u0111\u00eam thu\u1ed9c th\u01b0\u01a1ng hi\u1ec7u L'Oreal \u0111\u1ebfn t\u1eeb Ph\u00e1p","robots":{"index":"index","follow":"follow","max-snippet":"max-snippet:-1","max-image-preview":"max-image-preview:large","max-video-preview":"max-video-preview:-1"},"canonical":"https:\/\/shopmypham.azdigi.shop\/index.php\/product\/kem-duong-da-loreal\/","og_locale":"vi_VN","og_type":"article","og_title":"Kem D\u01b0\u1ee1ng Da L'Oreal - Shop m\u1ef9 ph\u1ea9m","og_description":"Kem D\u01b0\u1ee1ng Da H\u1ed7 Tr\u1ee3 M\u1edd Th\u00e2m N\u00e1m Ban \u0110\u00eam L'Oreal Glycolic Bright Glowing Cream Night 50ml l\u00e0 kem d\u01b0\u1ee1ng ban \u0111\u00eam thu\u1ed9c th\u01b0\u01a1ng hi\u1ec7u L'Oreal \u0111\u1ebfn t\u1eeb Ph\u00e1p","og_url":"https:\/\/shopmypham.azdigi.shop\/index.php\/product\/kem-duong-da-loreal\/","og_site_name":"Shop m\u1ef9 ph\u1ea9m","article_publisher":"https:\/\/www.facebook.com\/share\/17jR5FUwkN\/","article_modified_time":"2026-04-14T15:08:38+00:00","og_image":[{"width":800,"height":800,"url":"https:\/\/shopmypham.azdigi.shop\/wp-content\/uploads\/2026\/03\/e75638988d5add61ed94de6dcd8c816b_quot_b0075eb14e9b4992abcf5fa07e5146fb_1024x1024.jpg","type":"image\/jpeg"}],"twitter_card":"summary_large_image","twitter_misc":{"\u01af\u1edbc t\u00ednh th\u1eddi gian \u0111\u1ecdc":"4 ph\u00fat"},"schema":{"@context":"https:\/\/schema.org","@graph":[{"@type":"WebPage","@id":"https:\/\/shopmypham.azdigi.shop\/index.php\/product\/kem-duong-da-loreal\/","url":"https:\/\/shopmypham.azdigi.shop\/index.php\/product\/kem-duong-da-loreal\/","name":"Kem D\u01b0\u1ee1ng Da L'Oreal - Shop m\u1ef9 ph\u1ea9m","isPartOf":{"@id":"https:\/\/shopmypham.azdigi.shop\/#website"},"primaryImageOfPage":{"@id":"https:\/\/shopmypham.azdigi.shop\/index.php\/product\/kem-duong-da-loreal\/#primaryimage"},"image":{"@id":"https:\/\/shopmypham.azdigi.shop\/index.php\/product\/kem-duong-da-loreal\/#primaryimage"},"thumbnailUrl":"https:\/\/shopmypham.azdigi.shop\/wp-content\/uploads\/2026\/03\/e75638988d5add61ed94de6dcd8c816b_quot_b0075eb14e9b4992abcf5fa07e5146fb_1024x1024.jpg","datePublished":"2026-03-31T11:05:59+00:00","dateModified":"2026-04-14T15:08:38+00:00","description":"Kem D\u01b0\u1ee1ng Da H\u1ed7 Tr\u1ee3 M\u1edd Th\u00e2m N\u00e1m Ban \u0110\u00eam L'Oreal Glycolic Bright Glowing Cream Night 50ml l\u00e0 kem d\u01b0\u1ee1ng ban \u0111\u00eam thu\u1ed9c th\u01b0\u01a1ng hi\u1ec7u L'Oreal \u0111\u1ebfn t\u1eeb Ph\u00e1p","breadcrumb":{"@id":"https:\/\/shopmypham.azdigi.shop\/index.php\/product\/kem-duong-da-loreal\/#breadcrumb"},"inLanguage":"vi","potentialAction":[{"@type":"ReadAction","target":["https:\/\/shopmypham.azdigi.shop\/index.php\/product\/kem-duong-da-loreal\/"]}]},{"@type":"ImageObject","inLanguage":"vi","@id":"https:\/\/shopmypham.azdigi.shop\/index.php\/product\/kem-duong-da-loreal\/#primaryimage","url":"https:\/\/shopmypham.azdigi.shop\/wp-content\/uploads\/2026\/03\/e75638988d5add61ed94de6dcd8c816b_quot_b0075eb14e9b4992abcf5fa07e5146fb_1024x1024.jpg","contentUrl":"https:\/\/shopmypham.azdigi.shop\/wp-content\/uploads\/2026\/03\/e75638988d5add61ed94de6dcd8c816b_quot_b0075eb14e9b4992abcf5fa07e5146fb_1024x1024.jpg","width":800,"height":800},{"@type":"BreadcrumbList","@id":"https:\/\/shopmypham.azdigi.shop\/index.php\/product\/kem-duong-da-loreal\/#breadcrumb","itemListElement":[{"@type":"ListItem","position":1,"name":"Home","item":"https:\/\/shopmypham.azdigi.shop\/"},{"@type":"ListItem","position":2,"name":"C\u1eeda h\u00e0ng","item":"https:\/\/shopmypham.azdigi.shop\/index.php\/shop\/"},{"@type":"ListItem","position":3,"name":"Kem D\u01b0\u1ee1ng Da L&#8217;Oreal"}]},{"@type":"WebSite","@id":"https:\/\/shopmypham.azdigi.shop\/#website","url":"https:\/\/shopmypham.azdigi.shop\/","name":"Shop m\u1ef9 ph\u1ea9m","description":"","publisher":{"@id":"https:\/\/shopmypham.azdigi.shop\/#organization"},"potentialAction":[{"@type":"SearchAction","target":{"@type":"EntryPoint","urlTemplate":"https:\/\/shopmypham.azdigi.shop\/?s={search_term_string}"},"query-input":{"@type":"PropertyValueSpecification","valueRequired":true,"valueName":"search_term_string"}}],"inLanguage":"vi"},{"@type":"Organization","@id":"https:\/\/shopmypham.azdigi.shop\/#organization","name":"Shop m\u1ef9 ph\u1ea9m","url":"https:\/\/shopmypham.azdigi.shop\/","logo":{"@type":"ImageObject","inLanguage":"vi","@id":"https:\/\/shopmypham.azdigi.shop\/#\/schema\/logo\/image\/","url":"https:\/\/shopmypham.azdigi.shop\/wp-content\/uploads\/2026\/03\/Anh-chup-man-hinh-2026-01-31-214354.png","contentUrl":"https:\/\/shopmypham.azdigi.shop\/wp-content\/uploads\/2026\/03\/Anh-chup-man-hinh-2026-01-31-214354.png","width":880,"height":565,"caption":"Shop m\u1ef9 ph\u1ea9m"},"image":{"@id":"https:\/\/shopmypham.azdigi.shop\/#\/schema\/logo\/image\/"},"sameAs":["https:\/\/www.facebook.com\/share\/17jR5FUwkN\/"]}]}},"_links":{"self":[{"href":"https:\/\/shopmypham.azdigi.shop\/index.php\/wp-json\/wp\/v2\/product\/1027","targetHints":{"allow":["GET"]}}],"collection":[{"href":"https:\/\/shopmypham.azdigi.shop\/index.php\/wp-json\/wp\/v2\/product"}],"about":[{"href":"https:\/\/shopmypham.azdigi.shop\/index.php\/wp-json\/wp\/v2\/types\/product"}],"replies":[{"embeddable":true,"href":"https:\/\/shopmypham.azdigi.shop\/index.php\/wp-json\/wp\/v2\/comments?post=1027"}],"wp:featuredmedia":[{"embeddable":true,"href":"https:\/\/shopmypham.azdigi.shop\/index.php\/wp-json\/wp\/v2\/media\/1029"}],"wp:attachment":[{"href":"https:\/\/shopmypham.azdigi.shop\/index.php\/wp-json\/wp\/v2\/media?parent=1027"}],"wp:term":[{"taxonomy":"product_brand","embeddable":true,"href":"https:\/\/shopmypham.azdigi.shop\/index.php\/wp-json\/wp\/v2\/product_brand?post=1027"},{"taxonomy":"product_cat","embeddable":true,"href":"https:\/\/shopmypham.azdigi.shop\/index.php\/wp-json\/wp\/v2\/product_cat?post=1027"},{"taxonomy":"product_tag","embeddable":true,"href":"https:\/\/shopmypham.azdigi.shop\/index.php\/wp-json\/wp\/v2\/product_tag?post=1027"}],"curies":[{"name":"wp","href":"https:\/\/api.w.org\/{rel}","templated":true}]}}