{"id":1239,"date":"2026-04-11T15:49:41","date_gmt":"2026-04-11T15:49:41","guid":{"rendered":"https:\/\/shopmypham.azdigi.shop\/?post_type=product&#038;p=1239"},"modified":"2026-04-14T15:04:18","modified_gmt":"2026-04-14T15:04:18","slug":"kem-che-khuyet-diem-judydoll","status":"publish","type":"product","link":"https:\/\/shopmypham.azdigi.shop\/index.php\/product\/kem-che-khuyet-diem-judydoll\/","title":{"rendered":"Kem Che Khuy\u1ebft \u0110i\u1ec3m Judydoll"},"content":{"rendered":"<div class=\"product-section-title\">\n<h2>Chi ti\u1ebft s\u1ea3n ph\u1ea9m<\/h2>\n<\/div>\n<div class=\"page-product-description-detail-wrap expanded\">\n<div class=\"page-product-description-detail\">\n<p><strong>Kem Che Khuy\u1ebft \u0110i\u1ec3m Judydoll Traceless Cloud-Touch Concealer\u00a0<\/strong>l\u00e0<strong>\u00a0kem che khuy\u1ebft \u0111i\u1ec3m\u00a0<\/strong>\u0111\u1ebfn t\u1eeb th\u01b0\u01a1ng hi\u1ec7u<strong>\u00a0Judydoll.\u00a0<\/strong>S\u1ea3n ph\u1ea9m s\u1eed d\u1ee5ng\u00a0c\u00f4ng th\u1ee9c\u00a0Double-coating ri\u00eang bi\u1ec7t gi\u00fap che ph\u1ee7 t\u1ed1t c\u00e1c khuy\u1ebft \u0111i\u1ec3m tr\u00ean da, b\u1ec1n m\u00e0u l\u00ean \u0111\u1ebfn 12h cho l\u1edbp n\u1ec1n m\u1ecbn l\u00ec v\u00e0 \u1ed5n \u0111\u1ecbnh su\u1ed1t c\u1ea3 ng\u00e0y.<\/p>\n<p><a href=\"https:\/\/thegioiskinfood.com\/\"><img loading=\"lazy\" decoding=\"async\" class=\" wp-image-1242 aligncenter\" src=\"https:\/\/shopmypham.azdigi.shop\/wp-content\/uploads\/2026\/04\/4_6e0f53c0c95d47a29a0384477c49369d_1024x1024-1-300x300.jpg\" alt=\"\" width=\"601\" height=\"601\" srcset=\"https:\/\/shopmypham.azdigi.shop\/wp-content\/uploads\/2026\/04\/4_6e0f53c0c95d47a29a0384477c49369d_1024x1024-1-300x300.jpg 300w, https:\/\/shopmypham.azdigi.shop\/wp-content\/uploads\/2026\/04\/4_6e0f53c0c95d47a29a0384477c49369d_1024x1024-1-150x150.jpg 150w, https:\/\/shopmypham.azdigi.shop\/wp-content\/uploads\/2026\/04\/4_6e0f53c0c95d47a29a0384477c49369d_1024x1024-1-768x768.jpg 768w, https:\/\/shopmypham.azdigi.shop\/wp-content\/uploads\/2026\/04\/4_6e0f53c0c95d47a29a0384477c49369d_1024x1024-1-600x600.jpg 600w, https:\/\/shopmypham.azdigi.shop\/wp-content\/uploads\/2026\/04\/4_6e0f53c0c95d47a29a0384477c49369d_1024x1024-1-100x100.jpg 100w, https:\/\/shopmypham.azdigi.shop\/wp-content\/uploads\/2026\/04\/4_6e0f53c0c95d47a29a0384477c49369d_1024x1024-1.jpg 800w\" sizes=\"auto, (max-width: 601px) 100vw, 601px\" \/><\/a><\/p>\n<p><strong>Kem Che Khuy\u1ebft \u0110i\u1ec3m Judydoll Traceless Cloud-Touch Concealer<\/strong><strong>\u00a0<\/strong>c\u00f3 nh\u1eefng \u0111\u1eb7c tr\u01b0ng n\u1ed5i b\u1eadt nh\u01b0 sau:<\/p>\n<p>&#8211; S\u1ea3n ph\u1ea9m gi\u00fap che ph\u1ee7 t\u1ed1t c\u00e1c khuy\u1ebft \u0111i\u1ec3m tr\u00ean da cho l\u1edbp n\u1ec1n m\u1ecbn l\u00ec, b\u1ec1n m\u00e0u.<\/p>\n<p>&#8211; C\u00e1c h\u1ea1t ph\u1ea5n m\u00e0u k\u00edch th\u01b0\u1edbc si\u00eau m\u1ecbn ch\u1ec9 0.2 micron gi\u00fap b\u00e1m m\u00e0u l\u00e2u d\u00e0i, \u0111\u1ed9 \u1ed5n \u0111\u1ecbnh cao, h\u1ea1n ch\u1ebf b\u1ecb tr\u01b0\u1ee3t kem hay m\u1ed1c n\u1ec1n.<\/p>\n<p>&#8211; Ch\u1ee9a Squalane, Glycerol, Panthenol gi\u00fap d\u01b0\u1ee1ng \u1ea9m cho v\u00f9ng da che khuy\u1ebft \u0111i\u1ec3m.<\/p>\n<p><strong>Kem Che Khuy\u1ebft \u0110i\u1ec3m Judydoll Traceless Cloud-Touch Concealer<\/strong>\u00a0hi\u1ec7n t\u1ea1i\u00a0<strong>Th\u1ebf gi\u1edbi Skinfood<\/strong>\u00a0c\u00f3 c\u00e1c\u00a0m\u00e0u sau:<\/p>\n<p><strong>00 Fair:<\/strong>\u00a0D\u00e0nh cho da s\u00e1ng<\/p>\n<p><strong>01 Light:\u00a0<\/strong>D\u00e0nh cho da s\u00e1ng t\u1ef1 nhi\u00ean<\/p>\n<p><strong>02 Natural:\u00a0<\/strong>D\u00e0nh cho da t\u1ef1 nhi\u00ean<\/p>\n<p><strong>03 Beige:\u00a0<\/strong>D\u00e0nh cho da trung b\u00ecnh\/t\u1ed1i<a href=\"https:\/\/thegioiskinfood.com\/\"><img loading=\"lazy\" decoding=\"async\" class=\" wp-image-96 aligncenter\" src=\"https:\/\/shopmypham.azdigi.shop\/wp-content\/uploads\/2026\/03\/1_a508f5c97d344393ad4b1fb0f3d129aa-300x300.jpg\" alt=\"\" width=\"547\" height=\"547\" srcset=\"https:\/\/shopmypham.azdigi.shop\/wp-content\/uploads\/2026\/03\/1_a508f5c97d344393ad4b1fb0f3d129aa-300x300.jpg 300w, https:\/\/shopmypham.azdigi.shop\/wp-content\/uploads\/2026\/03\/1_a508f5c97d344393ad4b1fb0f3d129aa-100x100.jpg 100w, https:\/\/shopmypham.azdigi.shop\/wp-content\/uploads\/2026\/03\/1_a508f5c97d344393ad4b1fb0f3d129aa-600x600.jpg 600w, https:\/\/shopmypham.azdigi.shop\/wp-content\/uploads\/2026\/03\/1_a508f5c97d344393ad4b1fb0f3d129aa-150x150.jpg 150w, https:\/\/shopmypham.azdigi.shop\/wp-content\/uploads\/2026\/03\/1_a508f5c97d344393ad4b1fb0f3d129aa-768x768.jpg 768w, https:\/\/shopmypham.azdigi.shop\/wp-content\/uploads\/2026\/03\/1_a508f5c97d344393ad4b1fb0f3d129aa.jpg 800w\" sizes=\"auto, (max-width: 547px) 100vw, 547px\" \/><\/a><\/p>\n<p><a href=\"https:\/\/thegioiskinfood.com\/\"><img loading=\"lazy\" decoding=\"async\" class=\" wp-image-97 aligncenter\" src=\"https:\/\/shopmypham.azdigi.shop\/wp-content\/uploads\/2026\/03\/2_c4b01afac1e54e4eb17796ca6462d99a-300x300.jpg\" alt=\"\" width=\"553\" height=\"553\" srcset=\"https:\/\/shopmypham.azdigi.shop\/wp-content\/uploads\/2026\/03\/2_c4b01afac1e54e4eb17796ca6462d99a-300x300.jpg 300w, https:\/\/shopmypham.azdigi.shop\/wp-content\/uploads\/2026\/03\/2_c4b01afac1e54e4eb17796ca6462d99a-100x100.jpg 100w, https:\/\/shopmypham.azdigi.shop\/wp-content\/uploads\/2026\/03\/2_c4b01afac1e54e4eb17796ca6462d99a-600x600.jpg 600w, https:\/\/shopmypham.azdigi.shop\/wp-content\/uploads\/2026\/03\/2_c4b01afac1e54e4eb17796ca6462d99a-150x150.jpg 150w, https:\/\/shopmypham.azdigi.shop\/wp-content\/uploads\/2026\/03\/2_c4b01afac1e54e4eb17796ca6462d99a-768x768.jpg 768w, https:\/\/shopmypham.azdigi.shop\/wp-content\/uploads\/2026\/03\/2_c4b01afac1e54e4eb17796ca6462d99a.jpg 800w\" sizes=\"auto, (max-width: 553px) 100vw, 553px\" \/><\/a><\/p>\n<p><strong>\u2022 Th\u01b0\u01a1ng hi\u1ec7u:\u00a0<\/strong>Judydoll<\/p>\n<p><strong>\u2022 Xu\u1ea5t x\u1ee9 th\u01b0\u01a1ng hi\u1ec7u:\u00a0<\/strong>Trung Qu\u1ed1c<\/p>\n<p><strong>\u2022 S\u1ea3n xu\u1ea5t t\u1ea1i:\u00a0<\/strong>Trung Qu\u1ed1c<\/p>\n<p><strong>\u2022 Dung t\u00edch:\u00a0<\/strong>3.2g<\/p>\n<p><strong>\u2022 H\u1ea1n s\u1eed d\u1ee5ng:<\/strong>\u00a036\u00a0th\u00e1ng k\u1ec3 t\u1eeb ng\u00e0y s\u1ea3n xu\u1ea5t\/NSX xem tr\u00ean bao b\u00ec (12 th\u00e1ng k\u1ec3 t\u1eeb ng\u00e0y m\u1edf n\u1eafp).<\/p>\n<p>***M\u00e0u s\u1eafc c\u00f3 th\u1ec3 kh\u00e1c nhau t\u00f9y thu\u1ed9c v\u00e0o \u00e1nh s\u00e1ng, \u0111\u1ed9 ph\u00e2n gi\u1ea3i m\u00e0n h\u00ecnh v\u00e0 s\u1eafc t\u1ed1 da.<\/p>\n<p><em><strong>***Bao b\u00ec thay \u0111\u1ed5i t\u00f9y t\u1eebng \u0111\u1ee3t nh\u1eadp h\u00e0ng.<\/strong><\/em><\/p>\n<\/div>\n<\/div>\n","protected":false},"excerpt":{"rendered":"<p>S\u1ea3n ph\u1ea9m s\u1eed d\u1ee5ng\u00a0c\u00f4ng th\u1ee9c\u00a0Double-coating ri\u00eang bi\u1ec7t gi\u00fap che ph\u1ee7 t\u1ed1t c\u00e1c khuy\u1ebft \u0111i\u1ec3m tr\u00ean da, b\u1ec1n m\u00e0u l\u00ean \u0111\u1ebfn 12h cho l\u1edbp n\u1ec1n m\u1ecbn l\u00ec v\u00e0 \u1ed5n \u0111\u1ecbnh su\u1ed1t c\u1ea3 ng\u00e0y.<\/p>\n","protected":false},"featured_media":1240,"comment_status":"open","ping_status":"closed","template":"","meta":[],"product_brand":[31],"product_cat":[22],"product_tag":[79],"class_list":{"0":"post-1239","1":"product","2":"type-product","3":"status-publish","4":"has-post-thumbnail","6":"product_brand-judydoll","7":"product_cat-che-khuyet-diem","8":"product_tag-che-khuyet-diem","10":"first","11":"instock","12":"sale","13":"shipping-taxable","14":"purchasable","15":"product-type-variable"},"yoast_head":"<!-- This site is optimized with the Yoast SEO plugin v27.3 - https:\/\/yoast.com\/product\/yoast-seo-wordpress\/ -->\n<title>Kem Che Khuy\u1ebft \u0110i\u1ec3m Judydoll - Shop m\u1ef9 ph\u1ea9m<\/title>\n<meta name=\"description\" content=\"S\u1ea3n ph\u1ea9m s\u1eed d\u1ee5ng c\u00f4ng th\u1ee9c Double-coating ri\u00eang bi\u1ec7t gi\u00fap che ph\u1ee7 t\u1ed1t c\u00e1c khuy\u1ebft \u0111i\u1ec3m tr\u00ean da, b\u1ec1n m\u00e0u l\u00ean \u0111\u1ebfn 12h cho l\u1edbp n\u1ec1n m\u1ecbn l\u00ec\" \/>\n<meta name=\"robots\" content=\"index, follow, max-snippet:-1, max-image-preview:large, max-video-preview:-1\" \/>\n<link rel=\"canonical\" href=\"https:\/\/shopmypham.azdigi.shop\/index.php\/product\/kem-che-khuyet-diem-judydoll\/\" \/>\n<meta property=\"og:locale\" content=\"vi_VN\" \/>\n<meta property=\"og:type\" content=\"article\" \/>\n<meta property=\"og:title\" content=\"Kem Che Khuy\u1ebft \u0110i\u1ec3m Judydoll - Shop m\u1ef9 ph\u1ea9m\" \/>\n<meta property=\"og:description\" content=\"S\u1ea3n ph\u1ea9m s\u1eed d\u1ee5ng c\u00f4ng th\u1ee9c Double-coating ri\u00eang bi\u1ec7t gi\u00fap che ph\u1ee7 t\u1ed1t c\u00e1c khuy\u1ebft \u0111i\u1ec3m tr\u00ean da, b\u1ec1n m\u00e0u l\u00ean \u0111\u1ebfn 12h cho l\u1edbp n\u1ec1n m\u1ecbn l\u00ec\" \/>\n<meta property=\"og:url\" content=\"https:\/\/shopmypham.azdigi.shop\/index.php\/product\/kem-che-khuyet-diem-judydoll\/\" \/>\n<meta property=\"og:site_name\" content=\"Shop m\u1ef9 ph\u1ea9m\" \/>\n<meta property=\"article:publisher\" content=\"https:\/\/www.facebook.com\/share\/17jR5FUwkN\/\" \/>\n<meta property=\"article:modified_time\" content=\"2026-04-14T15:04:18+00:00\" \/>\n<meta property=\"og:image\" content=\"https:\/\/shopmypham.azdigi.shop\/wp-content\/uploads\/2026\/04\/9_956c43889ced4100b06e1b2d0bb36568_1024x1024.png\" \/>\n\t<meta property=\"og:image:width\" content=\"1024\" \/>\n\t<meta property=\"og:image:height\" content=\"1024\" \/>\n\t<meta property=\"og:image:type\" content=\"image\/png\" \/>\n<meta name=\"twitter:card\" content=\"summary_large_image\" \/>\n<meta name=\"twitter:label1\" content=\"\u01af\u1edbc t\u00ednh th\u1eddi gian \u0111\u1ecdc\" \/>\n\t<meta name=\"twitter:data1\" content=\"3 ph\u00fat\" \/>\n<script type=\"application\/ld+json\" class=\"yoast-schema-graph\">{\"@context\":\"https:\\\/\\\/schema.org\",\"@graph\":[{\"@type\":\"WebPage\",\"@id\":\"https:\\\/\\\/shopmypham.azdigi.shop\\\/index.php\\\/product\\\/kem-che-khuyet-diem-judydoll\\\/\",\"url\":\"https:\\\/\\\/shopmypham.azdigi.shop\\\/index.php\\\/product\\\/kem-che-khuyet-diem-judydoll\\\/\",\"name\":\"Kem Che Khuy\u1ebft \u0110i\u1ec3m Judydoll - Shop m\u1ef9 ph\u1ea9m\",\"isPartOf\":{\"@id\":\"https:\\\/\\\/shopmypham.azdigi.shop\\\/#website\"},\"primaryImageOfPage\":{\"@id\":\"https:\\\/\\\/shopmypham.azdigi.shop\\\/index.php\\\/product\\\/kem-che-khuyet-diem-judydoll\\\/#primaryimage\"},\"image\":{\"@id\":\"https:\\\/\\\/shopmypham.azdigi.shop\\\/index.php\\\/product\\\/kem-che-khuyet-diem-judydoll\\\/#primaryimage\"},\"thumbnailUrl\":\"https:\\\/\\\/shopmypham.azdigi.shop\\\/wp-content\\\/uploads\\\/2026\\\/04\\\/9_956c43889ced4100b06e1b2d0bb36568_1024x1024.png\",\"datePublished\":\"2026-04-11T15:49:41+00:00\",\"dateModified\":\"2026-04-14T15:04:18+00:00\",\"description\":\"S\u1ea3n ph\u1ea9m s\u1eed d\u1ee5ng c\u00f4ng th\u1ee9c Double-coating ri\u00eang bi\u1ec7t gi\u00fap che ph\u1ee7 t\u1ed1t c\u00e1c khuy\u1ebft \u0111i\u1ec3m tr\u00ean da, b\u1ec1n m\u00e0u l\u00ean \u0111\u1ebfn 12h cho l\u1edbp n\u1ec1n m\u1ecbn l\u00ec\",\"breadcrumb\":{\"@id\":\"https:\\\/\\\/shopmypham.azdigi.shop\\\/index.php\\\/product\\\/kem-che-khuyet-diem-judydoll\\\/#breadcrumb\"},\"inLanguage\":\"vi\",\"potentialAction\":[{\"@type\":\"ReadAction\",\"target\":[\"https:\\\/\\\/shopmypham.azdigi.shop\\\/index.php\\\/product\\\/kem-che-khuyet-diem-judydoll\\\/\"]}]},{\"@type\":\"ImageObject\",\"inLanguage\":\"vi\",\"@id\":\"https:\\\/\\\/shopmypham.azdigi.shop\\\/index.php\\\/product\\\/kem-che-khuyet-diem-judydoll\\\/#primaryimage\",\"url\":\"https:\\\/\\\/shopmypham.azdigi.shop\\\/wp-content\\\/uploads\\\/2026\\\/04\\\/9_956c43889ced4100b06e1b2d0bb36568_1024x1024.png\",\"contentUrl\":\"https:\\\/\\\/shopmypham.azdigi.shop\\\/wp-content\\\/uploads\\\/2026\\\/04\\\/9_956c43889ced4100b06e1b2d0bb36568_1024x1024.png\",\"width\":1024,\"height\":1024},{\"@type\":\"BreadcrumbList\",\"@id\":\"https:\\\/\\\/shopmypham.azdigi.shop\\\/index.php\\\/product\\\/kem-che-khuyet-diem-judydoll\\\/#breadcrumb\",\"itemListElement\":[{\"@type\":\"ListItem\",\"position\":1,\"name\":\"Home\",\"item\":\"https:\\\/\\\/shopmypham.azdigi.shop\\\/\"},{\"@type\":\"ListItem\",\"position\":2,\"name\":\"C\u1eeda h\u00e0ng\",\"item\":\"https:\\\/\\\/shopmypham.azdigi.shop\\\/index.php\\\/shop\\\/\"},{\"@type\":\"ListItem\",\"position\":3,\"name\":\"Kem Che Khuy\u1ebft \u0110i\u1ec3m Judydoll\"}]},{\"@type\":\"WebSite\",\"@id\":\"https:\\\/\\\/shopmypham.azdigi.shop\\\/#website\",\"url\":\"https:\\\/\\\/shopmypham.azdigi.shop\\\/\",\"name\":\"Shop m\u1ef9 ph\u1ea9m\",\"description\":\"\",\"publisher\":{\"@id\":\"https:\\\/\\\/shopmypham.azdigi.shop\\\/#organization\"},\"potentialAction\":[{\"@type\":\"SearchAction\",\"target\":{\"@type\":\"EntryPoint\",\"urlTemplate\":\"https:\\\/\\\/shopmypham.azdigi.shop\\\/?s={search_term_string}\"},\"query-input\":{\"@type\":\"PropertyValueSpecification\",\"valueRequired\":true,\"valueName\":\"search_term_string\"}}],\"inLanguage\":\"vi\"},{\"@type\":\"Organization\",\"@id\":\"https:\\\/\\\/shopmypham.azdigi.shop\\\/#organization\",\"name\":\"Shop m\u1ef9 ph\u1ea9m\",\"url\":\"https:\\\/\\\/shopmypham.azdigi.shop\\\/\",\"logo\":{\"@type\":\"ImageObject\",\"inLanguage\":\"vi\",\"@id\":\"https:\\\/\\\/shopmypham.azdigi.shop\\\/#\\\/schema\\\/logo\\\/image\\\/\",\"url\":\"https:\\\/\\\/shopmypham.azdigi.shop\\\/wp-content\\\/uploads\\\/2026\\\/03\\\/Anh-chup-man-hinh-2026-01-31-214354.png\",\"contentUrl\":\"https:\\\/\\\/shopmypham.azdigi.shop\\\/wp-content\\\/uploads\\\/2026\\\/03\\\/Anh-chup-man-hinh-2026-01-31-214354.png\",\"width\":880,\"height\":565,\"caption\":\"Shop m\u1ef9 ph\u1ea9m\"},\"image\":{\"@id\":\"https:\\\/\\\/shopmypham.azdigi.shop\\\/#\\\/schema\\\/logo\\\/image\\\/\"},\"sameAs\":[\"https:\\\/\\\/www.facebook.com\\\/share\\\/17jR5FUwkN\\\/\"]}]}<\/script>\n<!-- \/ Yoast SEO plugin. -->","yoast_head_json":{"title":"Kem Che Khuy\u1ebft \u0110i\u1ec3m Judydoll - Shop m\u1ef9 ph\u1ea9m","description":"S\u1ea3n ph\u1ea9m s\u1eed d\u1ee5ng c\u00f4ng th\u1ee9c Double-coating ri\u00eang bi\u1ec7t gi\u00fap che ph\u1ee7 t\u1ed1t c\u00e1c khuy\u1ebft \u0111i\u1ec3m tr\u00ean da, b\u1ec1n m\u00e0u l\u00ean \u0111\u1ebfn 12h cho l\u1edbp n\u1ec1n m\u1ecbn l\u00ec","robots":{"index":"index","follow":"follow","max-snippet":"max-snippet:-1","max-image-preview":"max-image-preview:large","max-video-preview":"max-video-preview:-1"},"canonical":"https:\/\/shopmypham.azdigi.shop\/index.php\/product\/kem-che-khuyet-diem-judydoll\/","og_locale":"vi_VN","og_type":"article","og_title":"Kem Che Khuy\u1ebft \u0110i\u1ec3m Judydoll - Shop m\u1ef9 ph\u1ea9m","og_description":"S\u1ea3n ph\u1ea9m s\u1eed d\u1ee5ng c\u00f4ng th\u1ee9c Double-coating ri\u00eang bi\u1ec7t gi\u00fap che ph\u1ee7 t\u1ed1t c\u00e1c khuy\u1ebft \u0111i\u1ec3m tr\u00ean da, b\u1ec1n m\u00e0u l\u00ean \u0111\u1ebfn 12h cho l\u1edbp n\u1ec1n m\u1ecbn l\u00ec","og_url":"https:\/\/shopmypham.azdigi.shop\/index.php\/product\/kem-che-khuyet-diem-judydoll\/","og_site_name":"Shop m\u1ef9 ph\u1ea9m","article_publisher":"https:\/\/www.facebook.com\/share\/17jR5FUwkN\/","article_modified_time":"2026-04-14T15:04:18+00:00","og_image":[{"width":1024,"height":1024,"url":"https:\/\/shopmypham.azdigi.shop\/wp-content\/uploads\/2026\/04\/9_956c43889ced4100b06e1b2d0bb36568_1024x1024.png","type":"image\/png"}],"twitter_card":"summary_large_image","twitter_misc":{"\u01af\u1edbc t\u00ednh th\u1eddi gian \u0111\u1ecdc":"3 ph\u00fat"},"schema":{"@context":"https:\/\/schema.org","@graph":[{"@type":"WebPage","@id":"https:\/\/shopmypham.azdigi.shop\/index.php\/product\/kem-che-khuyet-diem-judydoll\/","url":"https:\/\/shopmypham.azdigi.shop\/index.php\/product\/kem-che-khuyet-diem-judydoll\/","name":"Kem Che Khuy\u1ebft \u0110i\u1ec3m Judydoll - Shop m\u1ef9 ph\u1ea9m","isPartOf":{"@id":"https:\/\/shopmypham.azdigi.shop\/#website"},"primaryImageOfPage":{"@id":"https:\/\/shopmypham.azdigi.shop\/index.php\/product\/kem-che-khuyet-diem-judydoll\/#primaryimage"},"image":{"@id":"https:\/\/shopmypham.azdigi.shop\/index.php\/product\/kem-che-khuyet-diem-judydoll\/#primaryimage"},"thumbnailUrl":"https:\/\/shopmypham.azdigi.shop\/wp-content\/uploads\/2026\/04\/9_956c43889ced4100b06e1b2d0bb36568_1024x1024.png","datePublished":"2026-04-11T15:49:41+00:00","dateModified":"2026-04-14T15:04:18+00:00","description":"S\u1ea3n ph\u1ea9m s\u1eed d\u1ee5ng c\u00f4ng th\u1ee9c Double-coating ri\u00eang bi\u1ec7t gi\u00fap che ph\u1ee7 t\u1ed1t c\u00e1c khuy\u1ebft \u0111i\u1ec3m tr\u00ean da, b\u1ec1n m\u00e0u l\u00ean \u0111\u1ebfn 12h cho l\u1edbp n\u1ec1n m\u1ecbn l\u00ec","breadcrumb":{"@id":"https:\/\/shopmypham.azdigi.shop\/index.php\/product\/kem-che-khuyet-diem-judydoll\/#breadcrumb"},"inLanguage":"vi","potentialAction":[{"@type":"ReadAction","target":["https:\/\/shopmypham.azdigi.shop\/index.php\/product\/kem-che-khuyet-diem-judydoll\/"]}]},{"@type":"ImageObject","inLanguage":"vi","@id":"https:\/\/shopmypham.azdigi.shop\/index.php\/product\/kem-che-khuyet-diem-judydoll\/#primaryimage","url":"https:\/\/shopmypham.azdigi.shop\/wp-content\/uploads\/2026\/04\/9_956c43889ced4100b06e1b2d0bb36568_1024x1024.png","contentUrl":"https:\/\/shopmypham.azdigi.shop\/wp-content\/uploads\/2026\/04\/9_956c43889ced4100b06e1b2d0bb36568_1024x1024.png","width":1024,"height":1024},{"@type":"BreadcrumbList","@id":"https:\/\/shopmypham.azdigi.shop\/index.php\/product\/kem-che-khuyet-diem-judydoll\/#breadcrumb","itemListElement":[{"@type":"ListItem","position":1,"name":"Home","item":"https:\/\/shopmypham.azdigi.shop\/"},{"@type":"ListItem","position":2,"name":"C\u1eeda h\u00e0ng","item":"https:\/\/shopmypham.azdigi.shop\/index.php\/shop\/"},{"@type":"ListItem","position":3,"name":"Kem Che Khuy\u1ebft \u0110i\u1ec3m Judydoll"}]},{"@type":"WebSite","@id":"https:\/\/shopmypham.azdigi.shop\/#website","url":"https:\/\/shopmypham.azdigi.shop\/","name":"Shop m\u1ef9 ph\u1ea9m","description":"","publisher":{"@id":"https:\/\/shopmypham.azdigi.shop\/#organization"},"potentialAction":[{"@type":"SearchAction","target":{"@type":"EntryPoint","urlTemplate":"https:\/\/shopmypham.azdigi.shop\/?s={search_term_string}"},"query-input":{"@type":"PropertyValueSpecification","valueRequired":true,"valueName":"search_term_string"}}],"inLanguage":"vi"},{"@type":"Organization","@id":"https:\/\/shopmypham.azdigi.shop\/#organization","name":"Shop m\u1ef9 ph\u1ea9m","url":"https:\/\/shopmypham.azdigi.shop\/","logo":{"@type":"ImageObject","inLanguage":"vi","@id":"https:\/\/shopmypham.azdigi.shop\/#\/schema\/logo\/image\/","url":"https:\/\/shopmypham.azdigi.shop\/wp-content\/uploads\/2026\/03\/Anh-chup-man-hinh-2026-01-31-214354.png","contentUrl":"https:\/\/shopmypham.azdigi.shop\/wp-content\/uploads\/2026\/03\/Anh-chup-man-hinh-2026-01-31-214354.png","width":880,"height":565,"caption":"Shop m\u1ef9 ph\u1ea9m"},"image":{"@id":"https:\/\/shopmypham.azdigi.shop\/#\/schema\/logo\/image\/"},"sameAs":["https:\/\/www.facebook.com\/share\/17jR5FUwkN\/"]}]}},"_links":{"self":[{"href":"https:\/\/shopmypham.azdigi.shop\/index.php\/wp-json\/wp\/v2\/product\/1239","targetHints":{"allow":["GET"]}}],"collection":[{"href":"https:\/\/shopmypham.azdigi.shop\/index.php\/wp-json\/wp\/v2\/product"}],"about":[{"href":"https:\/\/shopmypham.azdigi.shop\/index.php\/wp-json\/wp\/v2\/types\/product"}],"replies":[{"embeddable":true,"href":"https:\/\/shopmypham.azdigi.shop\/index.php\/wp-json\/wp\/v2\/comments?post=1239"}],"wp:featuredmedia":[{"embeddable":true,"href":"https:\/\/shopmypham.azdigi.shop\/index.php\/wp-json\/wp\/v2\/media\/1240"}],"wp:attachment":[{"href":"https:\/\/shopmypham.azdigi.shop\/index.php\/wp-json\/wp\/v2\/media?parent=1239"}],"wp:term":[{"taxonomy":"product_brand","embeddable":true,"href":"https:\/\/shopmypham.azdigi.shop\/index.php\/wp-json\/wp\/v2\/product_brand?post=1239"},{"taxonomy":"product_cat","embeddable":true,"href":"https:\/\/shopmypham.azdigi.shop\/index.php\/wp-json\/wp\/v2\/product_cat?post=1239"},{"taxonomy":"product_tag","embeddable":true,"href":"https:\/\/shopmypham.azdigi.shop\/index.php\/wp-json\/wp\/v2\/product_tag?post=1239"}],"curies":[{"name":"wp","href":"https:\/\/api.w.org\/{rel}","templated":true}]}}