{"id":494,"date":"2026-03-17T14:25:08","date_gmt":"2026-03-17T14:25:08","guid":{"rendered":"https:\/\/shopmypham.azdigi.shop\/?post_type=product&#038;p=494"},"modified":"2026-04-26T11:25:35","modified_gmt":"2026-04-26T11:25:35","slug":"phan-phu-carslan-dang-nen-lau-troi-black-magnet-soft-mist-powder-8g","status":"publish","type":"product","link":"https:\/\/shopmypham.azdigi.shop\/index.php\/product\/phan-phu-carslan-dang-nen-lau-troi-black-magnet-soft-mist-powder-8g\/","title":{"rendered":"Ph\u1ea5n Ph\u1ee7 Carslan D\u1ea1ng N\u00e9n L\u00e2u Tr\u00f4i"},"content":{"rendered":"<div class=\"product-section-title\">\r\n<h2><span dir=\"auto\" style=\"vertical-align: inherit;\"><span dir=\"auto\" style=\"vertical-align: inherit;\">Chi- s\u1ea3n ph\u1ea9m<\/span><\/span><\/h2>\r\n<\/div>\r\n<div class=\"page-product-description-detail-wrap expanded\">\r\n<div class=\"page-product-description-detail\">\r\n\r\n<strong><span dir=\"auto\" style=\"vertical-align: inherit;\"><span dir=\"auto\" style=\"vertical-align: inherit;\">Ph\u1ea5n ph\u1ee7 d\u1ea1ng n\u00e9n L\u00e2u Tr\u00f4i Carslan Black Magnet Soft Mist Powder 8g\u00a0<\/span><\/span><\/strong><span dir=\"auto\" style=\"vertical-align: inherit;\"><span dir=\"auto\" style=\"vertical-align: inherit;\"> l\u00e0\u00a0 <\/span><\/span><strong><span dir=\"auto\" style=\"vertical-align: inherit;\"><span dir=\"auto\" style=\"vertical-align: inherit;\">ph\u1ea5n ph\u1ee7 b\u1ed9t d\u1ea1ng n\u00e9n\u00a0<\/span><\/span><\/strong><span dir=\"auto\" style=\"vertical-align: inherit;\"><span dir=\"auto\" style=\"vertical-align: inherit;\"> \u0111\u1ebfn t\u1eeb th\u01b0\u01a1ng hi\u1ec7u\u00a0 <\/span><\/span><strong><span dir=\"auto\" style=\"vertical-align: inherit;\"><span dir=\"auto\" style=\"vertical-align: inherit;\">Carslan.\u00a0<\/span><\/span><\/strong><span dir=\"auto\" style=\"vertical-align: inherit;\"><span dir=\"auto\" style=\"vertical-align: inherit;\"> Ph\u1ea5n n\u1ec1n, ph\u1ea5n n\u1ec1n v\u1edbi 1,53 micron d\u1ec5 d\u00e0ng b\u00e1m v\u00e0o l\u1edbp n\u1ec1n trang \u0111i\u1ec3m, cho l\u1edbp n\u1ec1n n\u1ec1n, hi\u1ec7u ch\u1ec9nh m\u00e0u da, n\u00e2ng t\u00f4ng t\u1ef1 nhi\u00ean. C\u00f9ng v\u1edbi kh\u1ea3 n\u0103ng tr\u00f4i n\u1ed5i, c\u1ed1 g\u1eafng x\u00e1c \u0111\u1ecbnh hi\u1ec7u qu\u1ea3 n\u1ec1n trong su\u1ed1t th\u1eddi gian d\u00e0i, gi\u00fap gi\u1eef l\u1edbp trang \u0111i\u1ec3m l\u00e2u tr\u00f4i su\u1ed1t 24h<\/span><\/span>\r\n\r\n<\/div>\r\n<\/div>\r\n<img loading=\"lazy\" decoding=\"async\" class=\" wp-image-66 aligncenter\" src=\"https:\/\/shopmypham.azdigi.shop\/wp-content\/uploads\/2026\/03\/download_ac8252cf445841258a5f8fc0c003f365-300x300.jpg\" alt=\"\" width=\"602\" height=\"602\" srcset=\"https:\/\/shopmypham.azdigi.shop\/wp-content\/uploads\/2026\/03\/download_ac8252cf445841258a5f8fc0c003f365-300x300.jpg 300w, https:\/\/shopmypham.azdigi.shop\/wp-content\/uploads\/2026\/03\/download_ac8252cf445841258a5f8fc0c003f365-100x100.jpg 100w, https:\/\/shopmypham.azdigi.shop\/wp-content\/uploads\/2026\/03\/download_ac8252cf445841258a5f8fc0c003f365-600x600.jpg 600w, https:\/\/shopmypham.azdigi.shop\/wp-content\/uploads\/2026\/03\/download_ac8252cf445841258a5f8fc0c003f365-150x150.jpg 150w, https:\/\/shopmypham.azdigi.shop\/wp-content\/uploads\/2026\/03\/download_ac8252cf445841258a5f8fc0c003f365-768x768.jpg 768w, https:\/\/shopmypham.azdigi.shop\/wp-content\/uploads\/2026\/03\/download_ac8252cf445841258a5f8fc0c003f365.jpg 800w\" sizes=\"auto, (max-width: 602px) 100vw, 602px\" \/>\r\n\r\n<strong><span dir=\"auto\" style=\"vertical-align: inherit;\"><span dir=\"auto\" style=\"vertical-align: inherit;\">\u2022 \u0110\u1eb7c bi\u1ec7t:<\/span><\/span><\/strong>\r\n\r\n<strong><span dir=\"auto\" style=\"vertical-align: inherit;\"><span dir=\"auto\" style=\"vertical-align: inherit;\">Ph\u1ea5n Ph\u1ee7 D\u1ea1ng N\u00e9n L\u00e2u Tr\u00f4i Carslan Black Magnet Soft Mist Powder 8g<\/span><\/span><\/strong><span dir=\"auto\" style=\"vertical-align: inherit;\"><span dir=\"auto\" style=\"vertical-align: inherit;\"> hi\u1ec7n \u0111\u00e3 c\u00f3 nh\u1eefng \u0111\u1eb7c \u0111i\u1ec3m sau:<\/span><\/span>\r\n\r\n<span dir=\"auto\" style=\"vertical-align: inherit;\"><span dir=\"auto\" style=\"vertical-align: inherit;\">&#8211; C\u00f4ng ngh\u1ec7 &#8220;ki\u1ec3m so\u00e1t d\u1ea7u t\u1eeb t\u00ednh&#8221; \u0111\u1ed9c quy\u1ec1n c\u1ee7a Carlan \u0111\u00e3 \u0111\u01b0\u1ee3c SGS ch\u1ee9ng nh\u1eadn. C\u00f3 l\u1ef1c h\u00fat m\u1ea1nh gi\u1ed1ng nh\u01b0 nam ch\u00e2m c\u00f3 th\u1ec3 h\u00fat \u0111i l\u1edbp d\u1ea7u th\u1eeba do l\u1edbp trang \u0111i\u1ec3m tr\u00ean da ti\u1ebft ra. M\u00e0 kh\u00f4ng h\u1ea5p th\u1ee5 d\u1ea7u d\u01b0\u1ee1ng \u1ea9m t\u1eeb d\u01b0\u1edbi da, gi\u00fap b\u1ea3o v\u1ec7 l\u1edbp n\u1ec1n trang \u0111i\u1ec3m m\u1ecbn m\u00e0 kh\u00f4ng b\u1ecb kh\u00f4.<\/span><\/span>\r\n\r\n<span dir=\"auto\" style=\"vertical-align: inherit;\"><span dir=\"auto\" style=\"vertical-align: inherit;\">&#8211; B\u1ed5 sung dinh d\u01b0\u1ee1ng gi\u00fap tinh ch\u1ea5t \u1ed1c s\u00ean Ph\u00e1p.<\/span><\/span>\r\n\r\n<span dir=\"auto\" style=\"vertical-align: inherit;\"><span dir=\"auto\" style=\"vertical-align: inherit;\">&#8211; Ph\u1ea5n n\u1ec1n, ph\u1ea5n n\u1ec1n v\u1edbi 1.53 micron \u0111\u01b0\u1eddng k\u00ednh b\u1ed9t, d\u1ec5 b\u00e1m v\u00e0o l\u1edbp n\u1ec1n trang \u0111i\u1ec3m, kh\u00f4ng v\u00f3n c\u1ee5c, m\u1edd, nh\u1eb9 v\u00e0 trong su\u1ed1t. Cho l\u1edbp n\u1ec1n tr\u01b0\u1edbc, hi\u1ec7u ch\u1ec9nh m\u00e0u da, n\u00e2ng c\u1ea5p t\u00f4ng m\u00e0u t\u1ef1 nhi\u00ean.<\/span><\/span>\r\n\r\n<strong><span dir=\"auto\" style=\"vertical-align: inherit;\"><span dir=\"auto\" style=\"vertical-align: inherit;\">Ph\u1ea5n Ph\u1ee7 D\u1ea1ng N\u00e9n L\u00e2u Tr\u00f4i Carslan Black Magnet Soft Mist Powder 8g<\/span><\/span><\/strong><span dir=\"auto\" style=\"vertical-align: inherit;\"><span dir=\"auto\" style=\"vertical-align: inherit;\"> \u00a0hi\u1ec7n c\u00f3 nh\u1eefng lo\u1ea1i sau:<\/span><\/span>\r\n\r\n<strong><span dir=\"auto\" style=\"vertical-align: inherit;\"><span dir=\"auto\" style=\"vertical-align: inherit;\">Phi\u00ean b\u1ea3n th\u01b0\u1eddng, d\u00e0nh cho da kh\u00f4, h\u1ed7 tr\u1ee3 &#8211; Cap \u0111en<\/span><\/span><\/strong>\r\n\r\n<strong><span dir=\"auto\" style=\"vertical-align: inherit;\"><span dir=\"auto\" style=\"vertical-align: inherit;\">&#8211; M\u00e0u T\u00edm:<\/span><\/span><\/strong><span dir=\"auto\" style=\"vertical-align: inherit;\"><span dir=\"auto\" style=\"vertical-align: inherit;\"> \u00a0L\u00e0m s\u00e1ng da, ph\u00f9 h\u1ee3p v\u1edbi da m\u00e0u, da ng\u00e3 v\u00e0ng.<\/span><\/span>\r\n\r\n<strong><span dir=\"auto\" style=\"vertical-align: inherit;\"><span dir=\"auto\" style=\"vertical-align: inherit;\">&#8211; M\u00e0u H\u1ed3ng:<\/span><\/span><\/strong><span dir=\"auto\" style=\"vertical-align: inherit;\"><span dir=\"auto\" style=\"vertical-align: inherit;\"> \u00a0L\u00e0m s\u00e1ng da m\u1eb7t, cho da m\u1eb7t h\u1ed3ng h\u00e0o v\u00e0 gi\u00fap da r\u1ea1ng r\u1ee1, t\u01b0\u01a1i tr\u1ebb.<\/span><\/span>\r\n\r\n<strong><span dir=\"auto\" style=\"vertical-align: inherit;\"><span dir=\"auto\" style=\"vertical-align: inherit;\">&#8211; M\u00e0u trong su\u1ed1t:<\/span><\/span><\/strong><span dir=\"auto\" style=\"vertical-align: inherit;\"><span dir=\"auto\" style=\"vertical-align: inherit;\"> \u00a0Ph\u1ea5n m\u1ecbn ph\u00f9 h\u1ee3p m\u1ecdi t\u00f4ng da.<\/span><\/span>\r\n\r\n<strong><span dir=\"auto\" style=\"vertical-align: inherit;\"><span dir=\"auto\" style=\"vertical-align: inherit;\">Phi\u00ean b\u1ea3n si\u00eau ki\u1ec3m so\u00e1t d\u1ea7u, d\u00e0nh cho da d\u1ea7u &#8211; N\u1eafp x\u00e1m<\/span><\/span><\/strong>\r\n\r\n<strong><span dir=\"auto\" style=\"vertical-align: inherit;\"><span dir=\"auto\" style=\"vertical-align: inherit;\">&#8211; M\u00e0u trong su\u1ed1t:<\/span><\/span><\/strong><span dir=\"auto\" style=\"vertical-align: inherit;\"><span dir=\"auto\" style=\"vertical-align: inherit;\"> \u00a0Ph\u1ea5n m\u1ecbn ph\u00f9 h\u1ee3p m\u1ecdi t\u00f4ng da.<\/span><\/span>\r\n\r\n<img loading=\"lazy\" decoding=\"async\" class=\" wp-image-59 aligncenter\" src=\"https:\/\/shopmypham.azdigi.shop\/wp-content\/uploads\/2026\/03\/download__1__copy_347cdcfadf104c058edefef84b11c150_1024x1024-300x300.jpg\" alt=\"\" width=\"588\" height=\"588\" srcset=\"https:\/\/shopmypham.azdigi.shop\/wp-content\/uploads\/2026\/03\/download__1__copy_347cdcfadf104c058edefef84b11c150_1024x1024-300x300.jpg 300w, https:\/\/shopmypham.azdigi.shop\/wp-content\/uploads\/2026\/03\/download__1__copy_347cdcfadf104c058edefef84b11c150_1024x1024-100x100.jpg 100w, https:\/\/shopmypham.azdigi.shop\/wp-content\/uploads\/2026\/03\/download__1__copy_347cdcfadf104c058edefef84b11c150_1024x1024-600x600.jpg 600w, https:\/\/shopmypham.azdigi.shop\/wp-content\/uploads\/2026\/03\/download__1__copy_347cdcfadf104c058edefef84b11c150_1024x1024-150x150.jpg 150w, https:\/\/shopmypham.azdigi.shop\/wp-content\/uploads\/2026\/03\/download__1__copy_347cdcfadf104c058edefef84b11c150_1024x1024-768x768.jpg 768w, https:\/\/shopmypham.azdigi.shop\/wp-content\/uploads\/2026\/03\/download__1__copy_347cdcfadf104c058edefef84b11c150_1024x1024.jpg 800w\" sizes=\"auto, (max-width: 588px) 100vw, 588px\" \/>\r\n\r\n<strong><span dir=\"auto\" style=\"vertical-align: inherit;\"><span dir=\"auto\" style=\"vertical-align: inherit;\">\u2022 Th\u01b0\u01a1ng hi\u1ec7u:<\/span><\/span><\/strong><span dir=\"auto\" style=\"vertical-align: inherit;\"><span dir=\"auto\" style=\"vertical-align: inherit;\"> \u00a0Carslan\u00a0<\/span><\/span>\r\n\r\n<strong><span dir=\"auto\" style=\"vertical-align: inherit;\"><span dir=\"auto\" style=\"vertical-align: inherit;\">\u2022 Xu\u1ea5t x\u1ee9 th\u01b0\u01a1ng hi\u1ec7u:<\/span><\/span><\/strong><span dir=\"auto\" style=\"vertical-align: inherit;\"><span dir=\"auto\" style=\"vertical-align: inherit;\"> \u00a0Trung Qu\u1ed1c<\/span><\/span>\r\n\r\n<strong><span dir=\"auto\" style=\"vertical-align: inherit;\"><span dir=\"auto\" style=\"vertical-align: inherit;\">\u2022 S\u1ea3n xu\u1ea5t t\u1ea1i:<\/span><\/span><\/strong><span dir=\"auto\" style=\"vertical-align: inherit;\"><span dir=\"auto\" style=\"vertical-align: inherit;\"> \u00a0Trung Qu\u1ed1c<\/span><\/span>\r\n\r\n<strong><span dir=\"auto\" style=\"vertical-align: inherit;\"><span dir=\"auto\" style=\"vertical-align: inherit;\">\u2022 Dung t\u00edch:<\/span><\/span><\/strong><span dir=\"auto\" style=\"vertical-align: inherit;\"><span dir=\"auto\" style=\"vertical-align: inherit;\"> \u00a08g<\/span><\/span>\r\n\r\n<strong><span dir=\"auto\" style=\"vertical-align: inherit;\"><span dir=\"auto\" style=\"vertical-align: inherit;\">\u2022 Th\u1eddi gian s\u1eed d\u1ee5ng:<\/span><\/span><\/strong><span dir=\"auto\" style=\"vertical-align: inherit;\"><span dir=\"auto\" style=\"vertical-align: inherit;\"> \u00a03 n\u0103m k\u1ec3 t\u1eeb ng\u00e0y s\u1ea3n xu\u1ea5t\/NSX xem tr\u00ean bao b\u00ec.<\/span><\/span>\r\n\r\n<!-- \/wp:post-content -->","protected":false},"excerpt":{"rendered":"<p>Chi- s\u1ea3n ph\u1ea9m Ph\u1ea5n ph\u1ee7 d\u1ea1ng n\u00e9n L\u00e2u Tr\u00f4i Carslan Black Magnet Soft Mist Powder 8g\u00a0 l\u00e0\u00a0 ph\u1ea5n ph\u1ee7 b\u1ed9t d\u1ea1ng n\u00e9n\u00a0 \u0111\u1ebfn t\u1eeb th\u01b0\u01a1ng hi\u1ec7u\u00a0 Carslan.\u00a0 Ph\u1ea5n n\u1ec1n, ph\u1ea5n n\u1ec1n v\u1edbi 1,53 micron d\u1ec5 d\u00e0ng b\u00e1m v\u00e0o l\u1edbp n\u1ec1n trang \u0111i\u1ec3m, cho l\u1edbp n\u1ec1n n\u1ec1n, hi\u1ec7u ch\u1ec9nh m\u00e0u da, n\u00e2ng t\u00f4ng t\u1ef1 nhi\u00ean. C\u00f9ng [&#8230;]\n","protected":false},"featured_media":61,"comment_status":"open","ping_status":"closed","template":"","meta":[],"product_brand":[33],"product_cat":[34],"product_tag":[63],"class_list":{"0":"post-494","1":"product","2":"type-product","3":"status-publish","4":"has-post-thumbnail","6":"product_brand-carslan","7":"product_cat-phan-phu","8":"product_tag-carslan","10":"first","11":"instock","12":"sale","13":"shipping-taxable","14":"purchasable","15":"product-type-variable"},"yoast_head":"<!-- This site is optimized with the Yoast SEO plugin v27.3 - https:\/\/yoast.com\/product\/yoast-seo-wordpress\/ -->\n<title>Ph\u1ea5n Ph\u1ee7 Carslan D\u1ea1ng N\u00e9n L\u00e2u Tr\u00f4i - Shop m\u1ef9 ph\u1ea9m<\/title>\n<meta name=\"description\" content=\"Ph\u1ea5n Ph\u1ee7 D\u1ea1ng N\u00e9n L\u00e2u Tr\u00f4i Carslan l\u00e0 ph\u1ea5n ph\u1ee7 b\u1ed9t d\u1ea1ng n\u00e9n \u0111\u1ebfn t\u1eeb th\u01b0\u01a1ng hi\u1ec7u Carslan. H\u1ea1t ph\u1ea5n m\u1ecbn, m\u1ecfng v\u1edbi 1.53 micron d\u1ec5 b\u00e1m.\" \/>\n<meta name=\"robots\" content=\"index, follow, max-snippet:-1, max-image-preview:large, max-video-preview:-1\" \/>\n<link rel=\"canonical\" href=\"https:\/\/shopmypham.azdigi.shop\/index.php\/product\/phan-phu-carslan-dang-nen-lau-troi-black-magnet-soft-mist-powder-8g\/\" \/>\n<meta property=\"og:locale\" content=\"vi_VN\" \/>\n<meta property=\"og:type\" content=\"article\" \/>\n<meta property=\"og:title\" content=\"Ph\u1ea5n Ph\u1ee7 Carslan D\u1ea1ng N\u00e9n L\u00e2u Tr\u00f4i - Shop m\u1ef9 ph\u1ea9m\" \/>\n<meta property=\"og:description\" content=\"Ph\u1ea5n Ph\u1ee7 D\u1ea1ng N\u00e9n L\u00e2u Tr\u00f4i Carslan l\u00e0 ph\u1ea5n ph\u1ee7 b\u1ed9t d\u1ea1ng n\u00e9n \u0111\u1ebfn t\u1eeb th\u01b0\u01a1ng hi\u1ec7u Carslan. H\u1ea1t ph\u1ea5n m\u1ecbn, m\u1ecfng v\u1edbi 1.53 micron d\u1ec5 b\u00e1m.\" \/>\n<meta property=\"og:url\" content=\"https:\/\/shopmypham.azdigi.shop\/index.php\/product\/phan-phu-carslan-dang-nen-lau-troi-black-magnet-soft-mist-powder-8g\/\" \/>\n<meta property=\"og:site_name\" content=\"Shop m\u1ef9 ph\u1ea9m\" \/>\n<meta property=\"article:publisher\" content=\"https:\/\/www.facebook.com\/share\/17jR5FUwkN\/\" \/>\n<meta property=\"article:modified_time\" content=\"2026-04-26T11:25:35+00:00\" \/>\n<meta property=\"og:image\" content=\"https:\/\/shopmypham.azdigi.shop\/wp-content\/uploads\/2026\/03\/carslan_copy_9a1144ea3f514f738ca34d9f1b29a548_1024x1024.jpg\" \/>\n\t<meta property=\"og:image:width\" content=\"800\" \/>\n\t<meta property=\"og:image:height\" content=\"800\" \/>\n\t<meta property=\"og:image:type\" content=\"image\/jpeg\" \/>\n<meta name=\"twitter:card\" content=\"summary_large_image\" \/>\n<meta name=\"twitter:label1\" content=\"\u01af\u1edbc t\u00ednh th\u1eddi gian \u0111\u1ecdc\" \/>\n\t<meta name=\"twitter:data1\" content=\"3 ph\u00fat\" \/>\n<script type=\"application\/ld+json\" class=\"yoast-schema-graph\">{\"@context\":\"https:\\\/\\\/schema.org\",\"@graph\":[{\"@type\":\"WebPage\",\"@id\":\"https:\\\/\\\/shopmypham.azdigi.shop\\\/index.php\\\/product\\\/phan-phu-carslan-dang-nen-lau-troi-black-magnet-soft-mist-powder-8g\\\/\",\"url\":\"https:\\\/\\\/shopmypham.azdigi.shop\\\/index.php\\\/product\\\/phan-phu-carslan-dang-nen-lau-troi-black-magnet-soft-mist-powder-8g\\\/\",\"name\":\"Ph\u1ea5n Ph\u1ee7 Carslan D\u1ea1ng N\u00e9n L\u00e2u Tr\u00f4i - Shop m\u1ef9 ph\u1ea9m\",\"isPartOf\":{\"@id\":\"https:\\\/\\\/shopmypham.azdigi.shop\\\/#website\"},\"primaryImageOfPage\":{\"@id\":\"https:\\\/\\\/shopmypham.azdigi.shop\\\/index.php\\\/product\\\/phan-phu-carslan-dang-nen-lau-troi-black-magnet-soft-mist-powder-8g\\\/#primaryimage\"},\"image\":{\"@id\":\"https:\\\/\\\/shopmypham.azdigi.shop\\\/index.php\\\/product\\\/phan-phu-carslan-dang-nen-lau-troi-black-magnet-soft-mist-powder-8g\\\/#primaryimage\"},\"thumbnailUrl\":\"https:\\\/\\\/shopmypham.azdigi.shop\\\/wp-content\\\/uploads\\\/2026\\\/03\\\/carslan_copy_9a1144ea3f514f738ca34d9f1b29a548_1024x1024.jpg\",\"datePublished\":\"2026-03-17T14:25:08+00:00\",\"dateModified\":\"2026-04-26T11:25:35+00:00\",\"description\":\"Ph\u1ea5n Ph\u1ee7 D\u1ea1ng N\u00e9n L\u00e2u Tr\u00f4i Carslan l\u00e0 ph\u1ea5n ph\u1ee7 b\u1ed9t d\u1ea1ng n\u00e9n \u0111\u1ebfn t\u1eeb th\u01b0\u01a1ng hi\u1ec7u Carslan. H\u1ea1t ph\u1ea5n m\u1ecbn, m\u1ecfng v\u1edbi 1.53 micron d\u1ec5 b\u00e1m.\",\"breadcrumb\":{\"@id\":\"https:\\\/\\\/shopmypham.azdigi.shop\\\/index.php\\\/product\\\/phan-phu-carslan-dang-nen-lau-troi-black-magnet-soft-mist-powder-8g\\\/#breadcrumb\"},\"inLanguage\":\"vi\",\"potentialAction\":[{\"@type\":\"ReadAction\",\"target\":[\"https:\\\/\\\/shopmypham.azdigi.shop\\\/index.php\\\/product\\\/phan-phu-carslan-dang-nen-lau-troi-black-magnet-soft-mist-powder-8g\\\/\"]}]},{\"@type\":\"ImageObject\",\"inLanguage\":\"vi\",\"@id\":\"https:\\\/\\\/shopmypham.azdigi.shop\\\/index.php\\\/product\\\/phan-phu-carslan-dang-nen-lau-troi-black-magnet-soft-mist-powder-8g\\\/#primaryimage\",\"url\":\"https:\\\/\\\/shopmypham.azdigi.shop\\\/wp-content\\\/uploads\\\/2026\\\/03\\\/carslan_copy_9a1144ea3f514f738ca34d9f1b29a548_1024x1024.jpg\",\"contentUrl\":\"https:\\\/\\\/shopmypham.azdigi.shop\\\/wp-content\\\/uploads\\\/2026\\\/03\\\/carslan_copy_9a1144ea3f514f738ca34d9f1b29a548_1024x1024.jpg\",\"width\":800,\"height\":800},{\"@type\":\"BreadcrumbList\",\"@id\":\"https:\\\/\\\/shopmypham.azdigi.shop\\\/index.php\\\/product\\\/phan-phu-carslan-dang-nen-lau-troi-black-magnet-soft-mist-powder-8g\\\/#breadcrumb\",\"itemListElement\":[{\"@type\":\"ListItem\",\"position\":1,\"name\":\"Home\",\"item\":\"https:\\\/\\\/shopmypham.azdigi.shop\\\/\"},{\"@type\":\"ListItem\",\"position\":2,\"name\":\"C\u1eeda h\u00e0ng\",\"item\":\"https:\\\/\\\/shopmypham.azdigi.shop\\\/index.php\\\/shop\\\/\"},{\"@type\":\"ListItem\",\"position\":3,\"name\":\"Ph\u1ea5n Ph\u1ee7 Carslan D\u1ea1ng N\u00e9n L\u00e2u Tr\u00f4i\"}]},{\"@type\":\"WebSite\",\"@id\":\"https:\\\/\\\/shopmypham.azdigi.shop\\\/#website\",\"url\":\"https:\\\/\\\/shopmypham.azdigi.shop\\\/\",\"name\":\"Shop m\u1ef9 ph\u1ea9m\",\"description\":\"\",\"publisher\":{\"@id\":\"https:\\\/\\\/shopmypham.azdigi.shop\\\/#organization\"},\"potentialAction\":[{\"@type\":\"SearchAction\",\"target\":{\"@type\":\"EntryPoint\",\"urlTemplate\":\"https:\\\/\\\/shopmypham.azdigi.shop\\\/?s={search_term_string}\"},\"query-input\":{\"@type\":\"PropertyValueSpecification\",\"valueRequired\":true,\"valueName\":\"search_term_string\"}}],\"inLanguage\":\"vi\"},{\"@type\":\"Organization\",\"@id\":\"https:\\\/\\\/shopmypham.azdigi.shop\\\/#organization\",\"name\":\"Shop m\u1ef9 ph\u1ea9m\",\"url\":\"https:\\\/\\\/shopmypham.azdigi.shop\\\/\",\"logo\":{\"@type\":\"ImageObject\",\"inLanguage\":\"vi\",\"@id\":\"https:\\\/\\\/shopmypham.azdigi.shop\\\/#\\\/schema\\\/logo\\\/image\\\/\",\"url\":\"https:\\\/\\\/shopmypham.azdigi.shop\\\/wp-content\\\/uploads\\\/2026\\\/03\\\/Anh-chup-man-hinh-2026-01-31-214354.png\",\"contentUrl\":\"https:\\\/\\\/shopmypham.azdigi.shop\\\/wp-content\\\/uploads\\\/2026\\\/03\\\/Anh-chup-man-hinh-2026-01-31-214354.png\",\"width\":880,\"height\":565,\"caption\":\"Shop m\u1ef9 ph\u1ea9m\"},\"image\":{\"@id\":\"https:\\\/\\\/shopmypham.azdigi.shop\\\/#\\\/schema\\\/logo\\\/image\\\/\"},\"sameAs\":[\"https:\\\/\\\/www.facebook.com\\\/share\\\/17jR5FUwkN\\\/\"]}]}<\/script>\n<!-- \/ Yoast SEO plugin. -->","yoast_head_json":{"title":"Ph\u1ea5n Ph\u1ee7 Carslan D\u1ea1ng N\u00e9n L\u00e2u Tr\u00f4i - Shop m\u1ef9 ph\u1ea9m","description":"Ph\u1ea5n Ph\u1ee7 D\u1ea1ng N\u00e9n L\u00e2u Tr\u00f4i Carslan l\u00e0 ph\u1ea5n ph\u1ee7 b\u1ed9t d\u1ea1ng n\u00e9n \u0111\u1ebfn t\u1eeb th\u01b0\u01a1ng hi\u1ec7u Carslan. H\u1ea1t ph\u1ea5n m\u1ecbn, m\u1ecfng v\u1edbi 1.53 micron d\u1ec5 b\u00e1m.","robots":{"index":"index","follow":"follow","max-snippet":"max-snippet:-1","max-image-preview":"max-image-preview:large","max-video-preview":"max-video-preview:-1"},"canonical":"https:\/\/shopmypham.azdigi.shop\/index.php\/product\/phan-phu-carslan-dang-nen-lau-troi-black-magnet-soft-mist-powder-8g\/","og_locale":"vi_VN","og_type":"article","og_title":"Ph\u1ea5n Ph\u1ee7 Carslan D\u1ea1ng N\u00e9n L\u00e2u Tr\u00f4i - Shop m\u1ef9 ph\u1ea9m","og_description":"Ph\u1ea5n Ph\u1ee7 D\u1ea1ng N\u00e9n L\u00e2u Tr\u00f4i Carslan l\u00e0 ph\u1ea5n ph\u1ee7 b\u1ed9t d\u1ea1ng n\u00e9n \u0111\u1ebfn t\u1eeb th\u01b0\u01a1ng hi\u1ec7u Carslan. H\u1ea1t ph\u1ea5n m\u1ecbn, m\u1ecfng v\u1edbi 1.53 micron d\u1ec5 b\u00e1m.","og_url":"https:\/\/shopmypham.azdigi.shop\/index.php\/product\/phan-phu-carslan-dang-nen-lau-troi-black-magnet-soft-mist-powder-8g\/","og_site_name":"Shop m\u1ef9 ph\u1ea9m","article_publisher":"https:\/\/www.facebook.com\/share\/17jR5FUwkN\/","article_modified_time":"2026-04-26T11:25:35+00:00","og_image":[{"width":800,"height":800,"url":"https:\/\/shopmypham.azdigi.shop\/wp-content\/uploads\/2026\/03\/carslan_copy_9a1144ea3f514f738ca34d9f1b29a548_1024x1024.jpg","type":"image\/jpeg"}],"twitter_card":"summary_large_image","twitter_misc":{"\u01af\u1edbc t\u00ednh th\u1eddi gian \u0111\u1ecdc":"3 ph\u00fat"},"schema":{"@context":"https:\/\/schema.org","@graph":[{"@type":"WebPage","@id":"https:\/\/shopmypham.azdigi.shop\/index.php\/product\/phan-phu-carslan-dang-nen-lau-troi-black-magnet-soft-mist-powder-8g\/","url":"https:\/\/shopmypham.azdigi.shop\/index.php\/product\/phan-phu-carslan-dang-nen-lau-troi-black-magnet-soft-mist-powder-8g\/","name":"Ph\u1ea5n Ph\u1ee7 Carslan D\u1ea1ng N\u00e9n L\u00e2u Tr\u00f4i - Shop m\u1ef9 ph\u1ea9m","isPartOf":{"@id":"https:\/\/shopmypham.azdigi.shop\/#website"},"primaryImageOfPage":{"@id":"https:\/\/shopmypham.azdigi.shop\/index.php\/product\/phan-phu-carslan-dang-nen-lau-troi-black-magnet-soft-mist-powder-8g\/#primaryimage"},"image":{"@id":"https:\/\/shopmypham.azdigi.shop\/index.php\/product\/phan-phu-carslan-dang-nen-lau-troi-black-magnet-soft-mist-powder-8g\/#primaryimage"},"thumbnailUrl":"https:\/\/shopmypham.azdigi.shop\/wp-content\/uploads\/2026\/03\/carslan_copy_9a1144ea3f514f738ca34d9f1b29a548_1024x1024.jpg","datePublished":"2026-03-17T14:25:08+00:00","dateModified":"2026-04-26T11:25:35+00:00","description":"Ph\u1ea5n Ph\u1ee7 D\u1ea1ng N\u00e9n L\u00e2u Tr\u00f4i Carslan l\u00e0 ph\u1ea5n ph\u1ee7 b\u1ed9t d\u1ea1ng n\u00e9n \u0111\u1ebfn t\u1eeb th\u01b0\u01a1ng hi\u1ec7u Carslan. H\u1ea1t ph\u1ea5n m\u1ecbn, m\u1ecfng v\u1edbi 1.53 micron d\u1ec5 b\u00e1m.","breadcrumb":{"@id":"https:\/\/shopmypham.azdigi.shop\/index.php\/product\/phan-phu-carslan-dang-nen-lau-troi-black-magnet-soft-mist-powder-8g\/#breadcrumb"},"inLanguage":"vi","potentialAction":[{"@type":"ReadAction","target":["https:\/\/shopmypham.azdigi.shop\/index.php\/product\/phan-phu-carslan-dang-nen-lau-troi-black-magnet-soft-mist-powder-8g\/"]}]},{"@type":"ImageObject","inLanguage":"vi","@id":"https:\/\/shopmypham.azdigi.shop\/index.php\/product\/phan-phu-carslan-dang-nen-lau-troi-black-magnet-soft-mist-powder-8g\/#primaryimage","url":"https:\/\/shopmypham.azdigi.shop\/wp-content\/uploads\/2026\/03\/carslan_copy_9a1144ea3f514f738ca34d9f1b29a548_1024x1024.jpg","contentUrl":"https:\/\/shopmypham.azdigi.shop\/wp-content\/uploads\/2026\/03\/carslan_copy_9a1144ea3f514f738ca34d9f1b29a548_1024x1024.jpg","width":800,"height":800},{"@type":"BreadcrumbList","@id":"https:\/\/shopmypham.azdigi.shop\/index.php\/product\/phan-phu-carslan-dang-nen-lau-troi-black-magnet-soft-mist-powder-8g\/#breadcrumb","itemListElement":[{"@type":"ListItem","position":1,"name":"Home","item":"https:\/\/shopmypham.azdigi.shop\/"},{"@type":"ListItem","position":2,"name":"C\u1eeda h\u00e0ng","item":"https:\/\/shopmypham.azdigi.shop\/index.php\/shop\/"},{"@type":"ListItem","position":3,"name":"Ph\u1ea5n Ph\u1ee7 Carslan D\u1ea1ng N\u00e9n L\u00e2u Tr\u00f4i"}]},{"@type":"WebSite","@id":"https:\/\/shopmypham.azdigi.shop\/#website","url":"https:\/\/shopmypham.azdigi.shop\/","name":"Shop m\u1ef9 ph\u1ea9m","description":"","publisher":{"@id":"https:\/\/shopmypham.azdigi.shop\/#organization"},"potentialAction":[{"@type":"SearchAction","target":{"@type":"EntryPoint","urlTemplate":"https:\/\/shopmypham.azdigi.shop\/?s={search_term_string}"},"query-input":{"@type":"PropertyValueSpecification","valueRequired":true,"valueName":"search_term_string"}}],"inLanguage":"vi"},{"@type":"Organization","@id":"https:\/\/shopmypham.azdigi.shop\/#organization","name":"Shop m\u1ef9 ph\u1ea9m","url":"https:\/\/shopmypham.azdigi.shop\/","logo":{"@type":"ImageObject","inLanguage":"vi","@id":"https:\/\/shopmypham.azdigi.shop\/#\/schema\/logo\/image\/","url":"https:\/\/shopmypham.azdigi.shop\/wp-content\/uploads\/2026\/03\/Anh-chup-man-hinh-2026-01-31-214354.png","contentUrl":"https:\/\/shopmypham.azdigi.shop\/wp-content\/uploads\/2026\/03\/Anh-chup-man-hinh-2026-01-31-214354.png","width":880,"height":565,"caption":"Shop m\u1ef9 ph\u1ea9m"},"image":{"@id":"https:\/\/shopmypham.azdigi.shop\/#\/schema\/logo\/image\/"},"sameAs":["https:\/\/www.facebook.com\/share\/17jR5FUwkN\/"]}]}},"_links":{"self":[{"href":"https:\/\/shopmypham.azdigi.shop\/index.php\/wp-json\/wp\/v2\/product\/494","targetHints":{"allow":["GET"]}}],"collection":[{"href":"https:\/\/shopmypham.azdigi.shop\/index.php\/wp-json\/wp\/v2\/product"}],"about":[{"href":"https:\/\/shopmypham.azdigi.shop\/index.php\/wp-json\/wp\/v2\/types\/product"}],"replies":[{"embeddable":true,"href":"https:\/\/shopmypham.azdigi.shop\/index.php\/wp-json\/wp\/v2\/comments?post=494"}],"wp:featuredmedia":[{"embeddable":true,"href":"https:\/\/shopmypham.azdigi.shop\/index.php\/wp-json\/wp\/v2\/media\/61"}],"wp:attachment":[{"href":"https:\/\/shopmypham.azdigi.shop\/index.php\/wp-json\/wp\/v2\/media?parent=494"}],"wp:term":[{"taxonomy":"product_brand","embeddable":true,"href":"https:\/\/shopmypham.azdigi.shop\/index.php\/wp-json\/wp\/v2\/product_brand?post=494"},{"taxonomy":"product_cat","embeddable":true,"href":"https:\/\/shopmypham.azdigi.shop\/index.php\/wp-json\/wp\/v2\/product_cat?post=494"},{"taxonomy":"product_tag","embeddable":true,"href":"https:\/\/shopmypham.azdigi.shop\/index.php\/wp-json\/wp\/v2\/product_tag?post=494"}],"curies":[{"name":"wp","href":"https:\/\/api.w.org\/{rel}","templated":true}]}}